{"id":22051,"date":"2026-03-16T11:06:34","date_gmt":"2026-03-16T15:06:34","guid":{"rendered":"https:\/\/endvaw.ca\/publications-sur-la-recherche-et-les-politiques\/a-blueprint-for-canadas-national-action-plan-nap-on-violence-against-women-and-girls\/"},"modified":"2026-03-16T11:21:02","modified_gmt":"2026-03-16T15:21:02","slug":"a-blueprint-for-canadas-national-action-plan-nap-on-violence-against-women-and-girls","status":"publish","type":"page","link":"https:\/\/endvaw.ca\/fr\/publications-sur-la-recherche-et-les-politiques\/a-blueprint-for-canadas-national-action-plan-nap-on-violence-against-women-and-girls\/","title":{"rendered":"A Blueprint for Canada\u2019s National Action Plan (NAP) on Violence Against Women and Girls"},"content":{"rendered":"\n<h1>\n\t\t\tMod\u00e8le de Plan d&#8217;action national du Canada\t<\/h1>\n\t<h2>Mod\u00e8le de Plan d&#8217;action national du Canada sur la violence faite aux femmes et aux filles<\/h2>\n<p><strong>18 F\u00e9vrier 2015<\/strong><\/p>\n<p>Les Nations Unies ont demand\u00e9 \u00e0 tous les pays d&#8217;\u00e9laborer un Plan d&#8217;action national sur la violence faite aux femmes (VFF) avant 2015. Les Plans d&#8217;action nationaux fournissent un cadre pour consolider les syst\u00e8mes qui pr\u00e9viennent et r\u00e9pondent \u00e0 la VFF. Ils \u00e9tablissent des normes nationales et favorisent la collaboration entre les diff\u00e9rents paliers de gouvernement, la soci\u00e9t\u00e9 civile, les survivantes et les fournisseurs de services.<\/p>\n<p>Le Canada ne dispose actuellement d&#8217;aucun plan ni d&#8217;aucune strat\u00e9gie coordonn\u00e9e pour contrer la violence faite aux femmes. En l&#8217;absence d&#8217;un Plan d&#8217;action national, les r\u00e9ponses sont largement fragment\u00e9es et les services souvent inaccessibles. En 2014, le R\u00e9seau canadien des maisons d&#8217;h\u00e9bergements pour femmes a initi\u00e9 un processus collaboratif don le r\u00e9sultat est ce mod\u00e8le.<\/p>\n<p>D\u00e9velopp\u00e9 par plus de 20 organisations travaillant dans le secteur de la violence faite aux femmes, ce Mod\u00e8le souligne les \u00e9l\u00e9ments qui devraient \u00eatre inclus dans un PAN du Canada et donne des indications sur les processus de d\u00e9veloppement et de mise en \u0153uvre. Durant la p\u00e9riode menant \u00e0 l&#8217;\u00e9lection f\u00e9d\u00e9rale de 2015, nous allons demander \u00e0 tous les partis f\u00e9d\u00e9raux de s&#8217;engager \u00e0 cr\u00e9er un Plan d&#8217;action national sur la violence faite aux femmes et aux filles en commen\u00e7ant avec ce mod\u00e8le. Avant de proc\u00e9der nous voulons \u00e9tablir une large base de soutien.<\/p>\n<p>Joignez vous \u00e0 nous en appuyant notre revendication d&#8217;un Plan d&#8217;action national! Endossez notre\u00a0<a href=\"https:\/\/endvaw.ca\/wp-content\/uploads\/2025\/12\/Modele-de-Plan-daction-national-du-Canada-sur-la-VFF.pdf\">Mod\u00e8le<\/a>\u00a0en envoyant un courriel avec le nom de votre organisation et les coordonn\u00e9es d&#8217;une personne-ressource \u00e0\u00a0<a href=\"https:\/\/web.archive.org\/web\/20251010132205\/mailto:info@endvaw.ca\">info@endvaw.ca<\/a>\u00a0en inscrivant Mod\u00e8le dans le sujet.<\/p>\n<strong>Mise \u00e0 jour &#8211; automne 2015<\/strong><br \/>\nLe Mod\u00e8le a \u00e9t\u00e9 officiellement endoss\u00e9 par plus de 180 organisations de tout le Canada qui sont engag\u00e9es \u00e0 mettre fin \u00e0 la VFF.\n<strong>Mise \u00e0 jour &#8211; \u00e9t\u00e9 2016<\/strong><br \/>\nLise Martin, directrice g\u00e9n\u00e9rale d&#8217;H\u00e9bergement femmes\u00a0 Canada (anciennement le R\u00e9seau canadien des maisons d&#8217;h\u00e9bergement pour femmes),\u00a0a \u00e9t\u00e9 nomm\u00e9e au conseil consultatif pour une strat\u00e9gie f\u00e9d\u00e9rale contre la violence fond\u00e9e sur le sexe. Lise continue de plaider sans rel\u00e2che pour un Plan d&#8217;action national sur la violence faite aux femmes.\n<p><strong>Mise \u00e0 jour &#8211; \u00e9t\u00e9 2016<\/strong><\/p>\n<p>Lise Martin, directrice g\u00e9n\u00e9rale d&#8217;H\u00e9bergement femmes\u00a0 Canada (anciennement le R\u00e9seau canadien des maisons d&#8217;h\u00e9bergement pour femmes),\u00a0a \u00e9t\u00e9 nomm\u00e9e au conseil consultatif pour une strat\u00e9gie f\u00e9d\u00e9rale contre la violence fond\u00e9e sur le sexe. Lise continue de plaider sans rel\u00e2che pour un Plan d&#8217;action national sur la violence faite aux femmes.<\/p>\n<a href=\"https:\/\/endvaw.ca\/wp-content\/uploads\/2026\/03\/Signataires-.-19-octobre-2015.pdf\">Signataires<\/a>\n\t\t\t\t<img decoding=\"async\" src=\"https:\/\/endvaw.ca\/wp-content\/uploads\/2026\/02\/4flowers.png\" alt=\"4fleurs\" itemprop=\"image\" height=\"236\" width=\"111\" title=\"4fleurs\" onerror=\"this.style.display='none'\" loading=\"lazy\" \/>\n\n","protected":false},"excerpt":{"rendered":"<p>Mod\u00e8le de Plan d&#8217;action national du Canada Mod\u00e8le de Plan d&#8217;action national du Canada sur la violence faite aux femmes et aux filles 18 F\u00e9vrier 2015 Les Nations Unies ont demand\u00e9 \u00e0 tous les pays d&#8217;\u00e9laborer un Plan d&#8217;action national sur la violence faite aux femmes (VFF) avant 2015. Les Plans d&#8217;action nationaux fournissent un [&hellip;]<\/p>\n","protected":false},"author":3,"featured_media":0,"parent":19132,"menu_order":0,"comment_status":"closed","ping_status":"closed","template":"","meta":{"site-sidebar-layout":"no-sidebar","site-content-layout":"page-builder","ast-site-content-layout":"default","site-content-style":"default","site-sidebar-style":"default","ast-global-header-display":"","ast-banner-title-visibility":"","ast-main-header-display":"","ast-hfb-above-header-display":"","ast-hfb-below-header-display":"","ast-hfb-mobile-header-display":"","site-post-title":"disabled","ast-breadcrumbs-content":"","ast-featured-img":"disabled","footer-sml-layout":"","ast-disable-related-posts":"","theme-transparent-header-meta":"default","adv-header-id-meta":"","stick-header-meta":"default","header-above-stick-meta":"","header-main-stick-meta":"","header-below-stick-meta":"","astra-migrate-meta-layouts":"default","ast-page-background-enabled":"default","ast-page-background-meta":{"desktop":{"background-color":"","background-image":"","background-repeat":"repeat","background-position":"center center","background-size":"auto","background-attachment":"scroll","background-type":"","background-media":"","overlay-type":"","overlay-color":"","overlay-opacity":"","overlay-gradient":""},"tablet":{"background-color":"","background-image":"","background-repeat":"repeat","background-position":"center center","background-size":"auto","background-attachment":"scroll","background-type":"","background-media":"","overlay-type":"","overlay-color":"","overlay-opacity":"","overlay-gradient":""},"mobile":{"background-color":"","background-image":"","background-repeat":"repeat","background-position":"center center","background-size":"auto","background-attachment":"scroll","background-type":"","background-media":"","overlay-type":"","overlay-color":"","overlay-opacity":"","overlay-gradient":""}},"ast-content-background-meta":{"desktop":{"background-color":"var(--ast-global-color-5)","background-image":"","background-repeat":"repeat","background-position":"center center","background-size":"auto","background-attachment":"scroll","background-type":"","background-media":"","overlay-type":"","overlay-color":"","overlay-opacity":"","overlay-gradient":""},"tablet":{"background-color":"var(--ast-global-color-5)","background-image":"","background-repeat":"repeat","background-position":"center center","background-size":"auto","background-attachment":"scroll","background-type":"","background-media":"","overlay-type":"","overlay-color":"","overlay-opacity":"","overlay-gradient":""},"mobile":{"background-color":"var(--ast-global-color-5)","background-image":"","background-repeat":"repeat","background-position":"center center","background-size":"auto","background-attachment":"scroll","background-type":"","background-media":"","overlay-type":"","overlay-color":"","overlay-opacity":"","overlay-gradient":""}},"footnotes":"","_links_to":"","_links_to_target":""},"class_list":["post-22051","page","type-page","status-publish","hentry"],"meta_box":[],"_links":{"self":[{"href":"https:\/\/endvaw.ca\/fr\/wp-json\/wp\/v2\/pages\/22051","targetHints":{"allow":["GET"]}}],"collection":[{"href":"https:\/\/endvaw.ca\/fr\/wp-json\/wp\/v2\/pages"}],"about":[{"href":"https:\/\/endvaw.ca\/fr\/wp-json\/wp\/v2\/types\/page"}],"author":[{"embeddable":true,"href":"https:\/\/endvaw.ca\/fr\/wp-json\/wp\/v2\/users\/3"}],"replies":[{"embeddable":true,"href":"https:\/\/endvaw.ca\/fr\/wp-json\/wp\/v2\/comments?post=22051"}],"version-history":[{"count":1,"href":"https:\/\/endvaw.ca\/fr\/wp-json\/wp\/v2\/pages\/22051\/revisions"}],"predecessor-version":[{"id":22058,"href":"https:\/\/endvaw.ca\/fr\/wp-json\/wp\/v2\/pages\/22051\/revisions\/22058"}],"up":[{"embeddable":true,"href":"https:\/\/endvaw.ca\/fr\/wp-json\/wp\/v2\/pages\/19132"}],"wp:attachment":[{"href":"https:\/\/endvaw.ca\/fr\/wp-json\/wp\/v2\/media?parent=22051"}],"curies":[{"name":"wp","href":"https:\/\/api.w.org\/{rel}","templated":true}]}}