{"id":21997,"date":"2026-03-16T10:47:05","date_gmt":"2026-03-16T14:47:05","guid":{"rendered":"https:\/\/endvaw.ca\/publications-sur-la-recherche-et-les-politiques\/child-welfare-practices-and-policies-in-canada\/"},"modified":"2026-03-16T10:54:18","modified_gmt":"2026-03-16T14:54:18","slug":"child-welfare-practices-and-policies-in-canada","status":"publish","type":"page","link":"https:\/\/endvaw.ca\/fr\/publications-sur-la-recherche-et-les-politiques\/child-welfare-practices-and-policies-in-canada\/","title":{"rendered":"Child Welfare Practices and Policies in Canada"},"content":{"rendered":"\n<h1>\n\t\t\tPratiques et politiques de protection de l&#8217;enfance au Canada\t<\/h1>\n\t<p>Les services de protection de l&#8217;enfance et les services antiviolence devraient aller de pair, mais ces deux syst\u00e8mes entretiennent depuis longtemps des relations tendues, voire antagonistes. Le pr\u00e9sent document examine la relation historique entre les maisons d&#8217;h\u00e9bergement et les services de protection de l&#8217;enfance au Canada, les obstacles et les d\u00e9fis rencontr\u00e9s, ainsi que les meilleures pratiques \u00e9mergentes.<\/p>\n<p><img loading=\"lazy\" decoding=\"async\" src=\"https:\/\/endvaw.ca\/wp-content\/uploads\/2026\/03\/Sommaire-executif_protection-de-lenfance-232x300.png\" alt=\"\" width=\"232\" height=\"300\" \/><\/p>\n<p>En 2021, les membres du conseil aviseur ont reconnu le besoin d&#8217;\u00e9tudier la mani\u00e8re dont les agences de protection de l&#8217;enfance et les maisons d&#8217;h\u00e9bergement interagissaient et collaboraient pour soutenir les femmes et les enfants expos\u00e9s \u00e0 la violence familiale, et d&#8217;\u00e9laborer un plan d&#8217;action. Cette \u00e9tude visait \u00e0 \u00e9valuer strat\u00e9giquement et nommer les domaines dans lesquels il est possible de modifier les pratiques de protection de l&#8217;enfance afin d&#8217;obtenir de meilleurs r\u00e9sultats pour les femmes et leurs enfants. L&#8217;\u00e9tude visait l&#8217;\u00e9laboration d&#8217;une strat\u00e9gie de plaidoyer collective pour faciliter la collaboration entre les maisons d&#8217;h\u00e9bergement et les services de protection de l&#8217;enfance, et am\u00e9liorer la fa\u00e7on dont ces derniers s&#8217;occupent des femmes et de leurs enfants expos\u00e9s \u00e0 la VPI.<\/p>\n<p>Ce rapport r\u00e9sume les principales conclusions d&#8217;un sondage men\u00e9 aupr\u00e8s de nos membres, qui a mis au jour les difficult\u00e9s rencontr\u00e9es par les maisons dans leurs interactions avec les syst\u00e8mes de protection de l&#8217;enfance et le personnel en travail social. En plus des donn\u00e9es du sondage, les l\u00e9gislations des provinces et territoires ont \u00e9t\u00e9 examin\u00e9es, ainsi qu&#8217;un petit ensemble de documents justificatifs. En conclusion, un groupe de discussion a r\u00e9uni des membres pour combler les lacunes de la recherche et ajouter \u00e0 la liste des ressources et des meilleures pratiques. Le rapport se termine par des suggestions de pratiques prometteuses et de politiques concert\u00e9es qui visent \u00e0 am\u00e9liorer les services de protection de l&#8217;enfance en mati\u00e8re de VPI.<\/p>\n<p>Cette \u00e9tude a \u00e9t\u00e9 soutenue par un comit\u00e9 aviseur restreint mais d\u00e9vou\u00e9, compos\u00e9 de la BC Society of Transition Houses (BCSTH) et de la Transition House Association of Nova Scotia (THANS).<\/p>\n<p><a href=\"https:\/\/endvaw.ca\/wp-content\/uploads\/2026\/03\/Child-Welfare-report-1.pdf\">Lire le rapport complet<\/a>\u00a0(en anglais) ou\u00a0un <a href=\"https:\/\/endvaw.ca\/wp-content\/uploads\/2026\/03\/Extrait_rapport_protection-de-lenfance.pdf\">extrait comprenant la liste des pratiques prometteuses<\/a><\/p>\n<p>Lire le <a href=\"https:\/\/endvaw.ca\/wp-content\/uploads\/2026\/03\/Sommaire-executif_protection-de-lenfance.pdf\">sommaire<\/a><\/p>\n\t\t\t\t<img decoding=\"async\" src=\"https:\/\/endvaw.ca\/wp-content\/uploads\/2026\/02\/4flowers.png\" alt=\"4fleurs\" itemprop=\"image\" height=\"236\" width=\"111\" title=\"4fleurs\" onerror=\"this.style.display='none'\" loading=\"lazy\" \/>\n\n","protected":false},"excerpt":{"rendered":"<p>Pratiques et politiques de protection de l&#8217;enfance au Canada Les services de protection de l&#8217;enfance et les services antiviolence devraient aller de pair, mais ces deux syst\u00e8mes entretiennent depuis longtemps des relations tendues, voire antagonistes. Le pr\u00e9sent document examine la relation historique entre les maisons d&#8217;h\u00e9bergement et les services de protection de l&#8217;enfance au Canada, [&hellip;]<\/p>\n","protected":false},"author":3,"featured_media":0,"parent":19132,"menu_order":0,"comment_status":"closed","ping_status":"closed","template":"","meta":{"site-sidebar-layout":"no-sidebar","site-content-layout":"page-builder","ast-site-content-layout":"default","site-content-style":"default","site-sidebar-style":"default","ast-global-header-display":"","ast-banner-title-visibility":"","ast-main-header-display":"","ast-hfb-above-header-display":"","ast-hfb-below-header-display":"","ast-hfb-mobile-header-display":"","site-post-title":"disabled","ast-breadcrumbs-content":"","ast-featured-img":"disabled","footer-sml-layout":"","ast-disable-related-posts":"","theme-transparent-header-meta":"default","adv-header-id-meta":"","stick-header-meta":"default","header-above-stick-meta":"","header-main-stick-meta":"","header-below-stick-meta":"","astra-migrate-meta-layouts":"default","ast-page-background-enabled":"default","ast-page-background-meta":{"desktop":{"background-color":"","background-image":"","background-repeat":"repeat","background-position":"center center","background-size":"auto","background-attachment":"scroll","background-type":"","background-media":"","overlay-type":"","overlay-color":"","overlay-opacity":"","overlay-gradient":""},"tablet":{"background-color":"","background-image":"","background-repeat":"repeat","background-position":"center center","background-size":"auto","background-attachment":"scroll","background-type":"","background-media":"","overlay-type":"","overlay-color":"","overlay-opacity":"","overlay-gradient":""},"mobile":{"background-color":"","background-image":"","background-repeat":"repeat","background-position":"center center","background-size":"auto","background-attachment":"scroll","background-type":"","background-media":"","overlay-type":"","overlay-color":"","overlay-opacity":"","overlay-gradient":""}},"ast-content-background-meta":{"desktop":{"background-color":"var(--ast-global-color-5)","background-image":"","background-repeat":"repeat","background-position":"center center","background-size":"auto","background-attachment":"scroll","background-type":"","background-media":"","overlay-type":"","overlay-color":"","overlay-opacity":"","overlay-gradient":""},"tablet":{"background-color":"var(--ast-global-color-5)","background-image":"","background-repeat":"repeat","background-position":"center center","background-size":"auto","background-attachment":"scroll","background-type":"","background-media":"","overlay-type":"","overlay-color":"","overlay-opacity":"","overlay-gradient":""},"mobile":{"background-color":"var(--ast-global-color-5)","background-image":"","background-repeat":"repeat","background-position":"center center","background-size":"auto","background-attachment":"scroll","background-type":"","background-media":"","overlay-type":"","overlay-color":"","overlay-opacity":"","overlay-gradient":""}},"footnotes":"","_links_to":"","_links_to_target":""},"class_list":["post-21997","page","type-page","status-publish","hentry"],"meta_box":[],"_links":{"self":[{"href":"https:\/\/endvaw.ca\/fr\/wp-json\/wp\/v2\/pages\/21997","targetHints":{"allow":["GET"]}}],"collection":[{"href":"https:\/\/endvaw.ca\/fr\/wp-json\/wp\/v2\/pages"}],"about":[{"href":"https:\/\/endvaw.ca\/fr\/wp-json\/wp\/v2\/types\/page"}],"author":[{"embeddable":true,"href":"https:\/\/endvaw.ca\/fr\/wp-json\/wp\/v2\/users\/3"}],"replies":[{"embeddable":true,"href":"https:\/\/endvaw.ca\/fr\/wp-json\/wp\/v2\/comments?post=21997"}],"version-history":[{"count":1,"href":"https:\/\/endvaw.ca\/fr\/wp-json\/wp\/v2\/pages\/21997\/revisions"}],"predecessor-version":[{"id":22014,"href":"https:\/\/endvaw.ca\/fr\/wp-json\/wp\/v2\/pages\/21997\/revisions\/22014"}],"up":[{"embeddable":true,"href":"https:\/\/endvaw.ca\/fr\/wp-json\/wp\/v2\/pages\/19132"}],"wp:attachment":[{"href":"https:\/\/endvaw.ca\/fr\/wp-json\/wp\/v2\/media?parent=21997"}],"curies":[{"name":"wp","href":"https:\/\/api.w.org\/{rel}","templated":true}]}}