{"id":21590,"date":"2026-03-10T17:01:18","date_gmt":"2026-03-10T21:01:18","guid":{"rendered":"https:\/\/endvaw.technicalities.ca\/publications-sur-la-recherche-et-les-politiques\/policy-shifts\/"},"modified":"2026-03-13T10:34:40","modified_gmt":"2026-03-13T14:34:40","slug":"actualites-politiques","status":"publish","type":"page","link":"https:\/\/endvaw.ca\/fr\/publications-sur-la-recherche-et-les-politiques\/actualites-politiques\/","title":{"rendered":"Actualit\u00e9s politiques"},"content":{"rendered":"\n<h1>\n\t\t\tActualit\u00e9s politiques\t<\/h1>\n\t<h2>Actualit\u00e9s politiques 2020-2025<\/h2>\n<p>Une analyse semestrielle des projets de loi, de la l\u00e9gislation, des changements de politique et des consultations au niveau f\u00e9d\u00e9ral dans le domaine de la violence faite aux femmes.<\/p>\n\t<ul>\n\t\t<li><a href=\"https:\/\/endvaw.ca\/wp-content\/uploads\/2026\/03\/Actualites-politiques-Jan_Dec-25FR.docx.pdf\" target=\"_self\"  aria-label=\"Aller \u00e0 https:\/\/endvaw.ca\/wp-content\/uploads\/2026\/03\/Actualites-politiques-Jan_Dec-25FR.docx.pdf\">\t\t\t\t\n\t\t<h4>Actualit\u00e9s politiques 2025: Changements l\u00e9gislatifs canadiens ayant un impact sur la violence faite aux femmes<\/h4><p><em>janvier \u00e0 d\u00e9cembre 2025<\/em><\/p><\/a><\/li><li><a href=\"https:\/\/endvaw.ca\/wp-content\/uploads\/2026\/03\/Actualites_Politiques_Juil-Dec24-2.pdf\" target=\"_self\"  aria-label=\"Aller \u00e0 https:\/\/endvaw.ca\/wp-content\/uploads\/2026\/03\/Actualites_Politiques_Juil-Dec24-2.pdf\">\t\t\t\t\n\t\t<h4>Actualit\u00e9s politiques 2024: Changements l\u00e9gislatifs canadiens ayant un impact sur la violence faite aux femmes<\/h4><p><em>juillet \u00e0 d\u00e9cembre 2024<\/em><\/p><\/a><\/li><li><a href=\"https:\/\/endvaw.ca\/wp-content\/uploads\/2026\/03\/Actualites-politiques-Jan-Juin-24.pdf\" target=\"_self\"  aria-label=\"Aller \u00e0 https:\/\/endvaw.ca\/wp-content\/uploads\/2026\/03\/Actualites-politiques-Jan-Juin-24.pdf\">\t\t\t\t\n\t\t<h4>Actualit\u00e9s politiques 2024: Changements l\u00e9gislatifs canadiens ayant un impact sur la violence faite aux femmes<\/h4><p><em>janvier \u00e0 juin 2024<\/em><\/p><\/a><\/li><li><a href=\"https:\/\/endvaw.ca\/wp-content\/uploads\/2026\/03\/Actualites-_Politiques_juillet-dec23.pdf\" target=\"_self\"  aria-label=\"Aller \u00e0 https:\/\/endvaw.ca\/wp-content\/uploads\/2026\/03\/Actualites-_Politiques_juillet-dec23.pdf\">\t\t\t\t\n\t\t<h4>Actualit\u00e9s politiques 2023: Changements l\u00e9gislatifs canadiens ayant un impact sur la violence faite aux femmes<\/h4><p><em>juillet \u00e0 d\u00e9cembre 2023<\/em><\/p><\/a><\/li><li><a href=\"https:\/\/endvaw.ca\/wp-content\/uploads\/2026\/03\/Actualites_politiques_22-23.pdf\" target=\"_self\"  aria-label=\"Aller \u00e0 https:\/\/endvaw.ca\/wp-content\/uploads\/2026\/03\/Actualites_politiques_22-23.pdf\">\t\t\t\t\n\t\t<h4>Actualit\u00e9s politiques 2023: Changements l\u00e9gislatifs canadiens ayant un impact sur la violence faite aux femmes<\/h4><p><em>Printemps 2022 \u00e0 \u00e9t\u00e9 2023<\/em><\/p><\/a><\/li><li><a href=\"https:\/\/endvaw.ca\/wp-content\/uploads\/2026\/03\/Actualites_Politiques_2021-2022.pdf\" target=\"_self\"  aria-label=\"Aller \u00e0 https:\/\/endvaw.ca\/wp-content\/uploads\/2026\/03\/Actualites_Politiques_2021-2022.pdf\">\t\t\t\t\n\t\t<h4>Actualit\u00e9s politiques 2022: Changements l\u00e9gislatifs canadiens ayant un impact sur la violence faite aux femmes<\/h4><p><em>juillet 2021 \u00e0 mars 2022<\/em><\/p><\/a><\/li><li><a href=\"https:\/\/endvaw.ca\/wp-content\/uploads\/2026\/03\/Actualites-politiques-2021-mois-1-6-1.pdf\" target=\"_self\"  aria-label=\"Aller \u00e0 https:\/\/endvaw.ca\/wp-content\/uploads\/2026\/03\/Actualites-politiques-2021-mois-1-6-1.pdf\">\t\t\t\t\n\t\t<h4>Actualit\u00e9s politiques 2021: Changements l\u00e9gislatifs canadiens ayant un impact sur la violence faite aux femmes<\/h4><p><em>d\u00e9cembre 2020 \u00e0 juin 2021<\/em><\/p><\/a><\/li><li><a href=\"https:\/\/endvaw.ca\/wp-content\/uploads\/2026\/03\/Actualites-politiques-2020.pdf\" target=\"_self\"  aria-label=\"Aller \u00e0 https:\/\/endvaw.ca\/wp-content\/uploads\/2026\/03\/Actualites-politiques-2020.pdf\">\t\t\t\t\n\t\t<h4>Actualit\u00e9s politiques 2020: Changements aux lois et aux politiques pertinentes \u00e0 la violence faite aux femmes au Canada<\/h4><p><em>d\u00e9cembre 2019 \u00e0 d\u00e9cembre 2020<\/em><\/p><\/a><\/li>\t<\/ul>\n\t\t\t\t<img decoding=\"async\" src=\"https:\/\/endvaw.ca\/wp-content\/uploads\/2026\/02\/lower-flowers-5.png\" alt=\"\" itemprop=\"image\" onerror=\"this.style.display='none'\" loading=\"lazy\" \/>\n\n","protected":false},"excerpt":{"rendered":"<p>Actualit\u00e9s politiques Actualit\u00e9s politiques 2020-2025 Une analyse semestrielle des projets de loi, de la l\u00e9gislation, des changements de politique et des consultations au niveau f\u00e9d\u00e9ral dans le domaine de la violence faite aux femmes. Actualit\u00e9s politiques 2025: Changements l\u00e9gislatifs canadiens ayant un impact sur la violence faite aux femmes janvier \u00e0 d\u00e9cembre 2025 Actualit\u00e9s politiques [&hellip;]<\/p>\n","protected":false},"author":9,"featured_media":0,"parent":19132,"menu_order":0,"comment_status":"closed","ping_status":"closed","template":"","meta":{"site-sidebar-layout":"no-sidebar","site-content-layout":"page-builder","ast-site-content-layout":"default","site-content-style":"default","site-sidebar-style":"default","ast-global-header-display":"","ast-banner-title-visibility":"","ast-main-header-display":"","ast-hfb-above-header-display":"","ast-hfb-below-header-display":"","ast-hfb-mobile-header-display":"","site-post-title":"disabled","ast-breadcrumbs-content":"","ast-featured-img":"disabled","footer-sml-layout":"","ast-disable-related-posts":"","theme-transparent-header-meta":"default","adv-header-id-meta":"","stick-header-meta":"default","header-above-stick-meta":"","header-main-stick-meta":"","header-below-stick-meta":"","astra-migrate-meta-layouts":"set","ast-page-background-enabled":"default","ast-page-background-meta":{"desktop":{"background-color":"","background-image":"","background-repeat":"repeat","background-position":"center center","background-size":"auto","background-attachment":"scroll","background-type":"","background-media":"","overlay-type":"","overlay-color":"","overlay-opacity":"","overlay-gradient":""},"tablet":{"background-color":"","background-image":"","background-repeat":"repeat","background-position":"center center","background-size":"auto","background-attachment":"scroll","background-type":"","background-media":"","overlay-type":"","overlay-color":"","overlay-opacity":"","overlay-gradient":""},"mobile":{"background-color":"","background-image":"","background-repeat":"repeat","background-position":"center center","background-size":"auto","background-attachment":"scroll","background-type":"","background-media":"","overlay-type":"","overlay-color":"","overlay-opacity":"","overlay-gradient":""}},"ast-content-background-meta":{"desktop":{"background-color":"var(--ast-global-color-5)","background-image":"","background-repeat":"repeat","background-position":"center center","background-size":"auto","background-attachment":"scroll","background-type":"","background-media":"","overlay-type":"","overlay-color":"","overlay-opacity":"","overlay-gradient":""},"tablet":{"background-color":"var(--ast-global-color-5)","background-image":"","background-repeat":"repeat","background-position":"center center","background-size":"auto","background-attachment":"scroll","background-type":"","background-media":"","overlay-type":"","overlay-color":"","overlay-opacity":"","overlay-gradient":""},"mobile":{"background-color":"var(--ast-global-color-5)","background-image":"","background-repeat":"repeat","background-position":"center center","background-size":"auto","background-attachment":"scroll","background-type":"","background-media":"","overlay-type":"","overlay-color":"","overlay-opacity":"","overlay-gradient":""}},"footnotes":"","_links_to":"","_links_to_target":""},"class_list":["post-21590","page","type-page","status-publish","hentry"],"meta_box":[],"_links":{"self":[{"href":"https:\/\/endvaw.ca\/fr\/wp-json\/wp\/v2\/pages\/21590","targetHints":{"allow":["GET"]}}],"collection":[{"href":"https:\/\/endvaw.ca\/fr\/wp-json\/wp\/v2\/pages"}],"about":[{"href":"https:\/\/endvaw.ca\/fr\/wp-json\/wp\/v2\/types\/page"}],"author":[{"embeddable":true,"href":"https:\/\/endvaw.ca\/fr\/wp-json\/wp\/v2\/users\/9"}],"replies":[{"embeddable":true,"href":"https:\/\/endvaw.ca\/fr\/wp-json\/wp\/v2\/comments?post=21590"}],"version-history":[{"count":3,"href":"https:\/\/endvaw.ca\/fr\/wp-json\/wp\/v2\/pages\/21590\/revisions"}],"predecessor-version":[{"id":21828,"href":"https:\/\/endvaw.ca\/fr\/wp-json\/wp\/v2\/pages\/21590\/revisions\/21828"}],"up":[{"embeddable":true,"href":"https:\/\/endvaw.ca\/fr\/wp-json\/wp\/v2\/pages\/19132"}],"wp:attachment":[{"href":"https:\/\/endvaw.ca\/fr\/wp-json\/wp\/v2\/media?parent=21590"}],"curies":[{"name":"wp","href":"https:\/\/api.w.org\/{rel}","templated":true}]}}