{"id":19665,"date":"2026-03-04T16:42:35","date_gmt":"2026-03-04T21:42:35","guid":{"rendered":"https:\/\/endvaw.technicalities.ca\/policy-gr\/"},"modified":"2026-03-17T18:59:12","modified_gmt":"2026-03-17T22:59:12","slug":"politiques-plaidoyer","status":"publish","type":"page","link":"https:\/\/endvaw.ca\/fr\/politiques-plaidoyer\/","title":{"rendered":"Policy &amp; GR"},"content":{"rendered":"\n<h1>\n\t\t\tPolitiques &amp; plaidoyer\t<\/h1>\n\t<p>H\u00e9bergement femmes Canada produit des notes d&#8217;information et collabore avec le gouvernement f\u00e9d\u00e9ral sur des enjeux tels que le Plan d&#8217;action national sur la violence fond\u00e9e sur le genre, les logements s\u00e9curitaires et abordables, le f\u00e9minicide et la violence facilit\u00e9e par la technologie.<\/p>\n\t\t\t\t<img decoding=\"async\" src=\"https:\/\/endvaw.ca\/wp-content\/uploads\/2026\/02\/4flowers.png\" alt=\"\" itemprop=\"image\" onerror=\"this.style.display='none'\" loading=\"lazy\" \/>\n\t<h2><a href=\"https:\/\/endvaw.ca\/fr\/publications-sur-la-recherche-et-les-politiques\/actualites-politiques\/\">Actualit\u00e9s politiques<\/a><\/h2>\n<p>Ce bulletin semestriel suit les principaux projets de loi, les changements l\u00e9gislatifs, les mises \u00e0 jour des politiques et les consultations li\u00e9es \u00e0 la violence fond\u00e9e sur le genre au palier f\u00e9d\u00e9ral.<\/p>\n\t<ul>\n\t\t<li><a href=\"https:\/\/endvaw.ca\/fr\/research-policy-publications\/\" target=\"_self\"  aria-label=\"Aller \u00e0 https:\/\/endvaw.ca\/fr\/research-policy-publications\/\">\t\t\t\t\n\t\tToutes les publications sur la recherche et les politiques sont disponibles ici.<\/a><\/li>\t<\/ul>\n\t<h2>Engagement avec le gouvernement f\u00e9d\u00e9ral<\/h2>\n<p>Agissant en tant que voix nationale unifi\u00e9e pour le secteur des maisons d&#8217;h\u00e9bergement au Canada, H\u00e9bergement femmes Canada s&#8217;engage aupr\u00e8s des d\u00e9put\u00e9\u00b7es, des ministres du Cabinet, des minist\u00e8res, des fonctionnaires et des comit\u00e9s parlementaires permanents sur une vari\u00e9t\u00e9 d&#8217;enjeux.<\/p>\n\t\t\t\t<img decoding=\"async\" src=\"https:\/\/endvaw.ca\/wp-content\/uploads\/2026\/02\/4flowers.png\" alt=\"\" itemprop=\"image\" onerror=\"this.style.display='none'\" loading=\"lazy\" \/>\n\n","protected":false},"excerpt":{"rendered":"<p>Politiques &amp; plaidoyer H\u00e9bergement femmes Canada produit des notes d&#8217;information et collabore avec le gouvernement f\u00e9d\u00e9ral sur des enjeux tels que le Plan d&#8217;action national sur la violence fond\u00e9e sur le genre, les logements s\u00e9curitaires et abordables, le f\u00e9minicide et la violence facilit\u00e9e par la technologie. Actualit\u00e9s politiques Ce bulletin semestriel suit les principaux projets [&hellip;]<\/p>\n","protected":false},"author":4,"featured_media":0,"parent":0,"menu_order":105,"comment_status":"closed","ping_status":"closed","template":"","meta":{"site-sidebar-layout":"no-sidebar","site-content-layout":"page-builder","ast-site-content-layout":"default","site-content-style":"default","site-sidebar-style":"default","ast-global-header-display":"","ast-banner-title-visibility":"","ast-main-header-display":"","ast-hfb-above-header-display":"","ast-hfb-below-header-display":"","ast-hfb-mobile-header-display":"","site-post-title":"disabled","ast-breadcrumbs-content":"","ast-featured-img":"disabled","footer-sml-layout":"","ast-disable-related-posts":"","theme-transparent-header-meta":"default","adv-header-id-meta":"","stick-header-meta":"default","header-above-stick-meta":"","header-main-stick-meta":"","header-below-stick-meta":"","astra-migrate-meta-layouts":"set","ast-page-background-enabled":"default","ast-page-background-meta":{"desktop":{"background-color":"","background-image":"","background-repeat":"repeat","background-position":"center center","background-size":"auto","background-attachment":"scroll","background-type":"","background-media":"","overlay-type":"","overlay-color":"","overlay-opacity":"","overlay-gradient":""},"tablet":{"background-color":"","background-image":"","background-repeat":"repeat","background-position":"center center","background-size":"auto","background-attachment":"scroll","background-type":"","background-media":"","overlay-type":"","overlay-color":"","overlay-opacity":"","overlay-gradient":""},"mobile":{"background-color":"","background-image":"","background-repeat":"repeat","background-position":"center center","background-size":"auto","background-attachment":"scroll","background-type":"","background-media":"","overlay-type":"","overlay-color":"","overlay-opacity":"","overlay-gradient":""}},"ast-content-background-meta":{"desktop":{"background-color":"var(--ast-global-color-5)","background-image":"","background-repeat":"repeat","background-position":"center center","background-size":"auto","background-attachment":"scroll","background-type":"","background-media":"","overlay-type":"","overlay-color":"","overlay-opacity":"","overlay-gradient":""},"tablet":{"background-color":"var(--ast-global-color-5)","background-image":"","background-repeat":"repeat","background-position":"center center","background-size":"auto","background-attachment":"scroll","background-type":"","background-media":"","overlay-type":"","overlay-color":"","overlay-opacity":"","overlay-gradient":""},"mobile":{"background-color":"var(--ast-global-color-5)","background-image":"","background-repeat":"repeat","background-position":"center center","background-size":"auto","background-attachment":"scroll","background-type":"","background-media":"","overlay-type":"","overlay-color":"","overlay-opacity":"","overlay-gradient":""}},"footnotes":"","_links_to":"","_links_to_target":""},"class_list":["post-19665","page","type-page","status-publish","hentry"],"meta_box":[],"_links":{"self":[{"href":"https:\/\/endvaw.ca\/fr\/wp-json\/wp\/v2\/pages\/19665","targetHints":{"allow":["GET"]}}],"collection":[{"href":"https:\/\/endvaw.ca\/fr\/wp-json\/wp\/v2\/pages"}],"about":[{"href":"https:\/\/endvaw.ca\/fr\/wp-json\/wp\/v2\/types\/page"}],"author":[{"embeddable":true,"href":"https:\/\/endvaw.ca\/fr\/wp-json\/wp\/v2\/users\/4"}],"replies":[{"embeddable":true,"href":"https:\/\/endvaw.ca\/fr\/wp-json\/wp\/v2\/comments?post=19665"}],"version-history":[{"count":10,"href":"https:\/\/endvaw.ca\/fr\/wp-json\/wp\/v2\/pages\/19665\/revisions"}],"predecessor-version":[{"id":22211,"href":"https:\/\/endvaw.ca\/fr\/wp-json\/wp\/v2\/pages\/19665\/revisions\/22211"}],"wp:attachment":[{"href":"https:\/\/endvaw.ca\/fr\/wp-json\/wp\/v2\/media?parent=19665"}],"curies":[{"name":"wp","href":"https:\/\/api.w.org\/{rel}","templated":true}]}}