{"id":19615,"date":"2026-02-23T14:40:04","date_gmt":"2026-02-23T19:40:04","guid":{"rendered":"https:\/\/endvaw.technicalities.ca\/research-policy-publications\/shelter-trends\/"},"modified":"2026-03-16T10:29:33","modified_gmt":"2026-03-16T14:29:33","slug":"tendance-des-maisons","status":"publish","type":"page","link":"https:\/\/endvaw.ca\/fr\/publications-sur-la-recherche-et-les-politiques\/tendance-des-maisons\/","title":{"rendered":"Tendances des maisons"},"content":{"rendered":"\n<h1>\n\t\t\tTendances des maisons d&#8217;h\u00e9bergement\t<\/h1>\n\t<h3><em>Tendances des maisons <\/em>\u00e9tait une s\u00e9rie de sept publications sur les tendances dans le secteur des maisons d&#8217;h\u00e9bergement.<\/h3>\n\t\t\t\t<img decoding=\"async\" src=\"https:\/\/endvaw.ca\/wp-content\/uploads\/2026\/02\/4flowers.png\" alt=\"\" itemprop=\"image\" onerror=\"this.style.display='none'\" loading=\"lazy\" \/>\n<h2>\n\t\t\t2024\t<\/h2>\n\t\t\t\t<a href=\"http:\/\/endvaw.ca\/wp-content\/uploads\/2026\/03\/Shelter-Trends-Nov-2024-FR.pdf\"  target=\"_self\" itemprop=\"url\">\n\t\t\t\t<img decoding=\"async\" src=\"https:\/\/endvaw.ca\/wp-content\/uploads\/2026\/03\/2024-fr-EN-Shelter-Trends-Nov-3-400x400-1.png\" alt=\"Plan d'action national: novembre 2024\" itemprop=\"image\" height=\"400\" width=\"400\" title=\"2024 Fr EN Shelter Trends Nov 3 400x400\" onerror=\"this.style.display='none'\" loading=\"lazy\" \/>\n\t\t\t\t<\/a>\n\t\tPlan d&#8217;action national: novembre 2024\n\t\t\t\t<a href=\"http:\/\/endvaw.ca\/wp-content\/uploads\/2026\/03\/Shelter-Trends-June-2024-FR-1.pdf\"  target=\"_self\" itemprop=\"url\">\n\t\t\t\t<img decoding=\"async\" src=\"https:\/\/endvaw.ca\/wp-content\/uploads\/2026\/03\/FR-Shelter-Trends-June-24-400x400-1.png\" alt=\"Pr\u00e9paration aux situations d'urgence: juin 2024\" itemprop=\"image\" height=\"400\" width=\"400\" title=\"FR Shelter Trends June 24 400x400\" onerror=\"this.style.display='none'\" loading=\"lazy\" \/>\n\t\t\t\t<\/a>\n\t\tPr\u00e9paration aux situations d&#8217;urgence: juin 2024\n\t\t\t\t<a href=\"http:\/\/endvaw.ca\/wp-content\/uploads\/2026\/03\/Shelter-Trends-May-2024-FR.pdf\"  target=\"_self\" itemprop=\"url\">\n\t\t\t\t<img decoding=\"async\" src=\"https:\/\/endvaw.ca\/wp-content\/uploads\/2026\/03\/Shelter-Trends-May-400x400-1.png\" alt=\"Immigration: mai 2024\" itemprop=\"image\" height=\"400\" width=\"400\" title=\"Shelter Trends May 400x400\" onerror=\"this.style.display='none'\" loading=\"lazy\" \/>\n\t\t\t\t<\/a>\n\t\tImmigration: mai 2024\n\t\t\t\t<a href=\"http:\/\/endvaw.ca\/wp-content\/uploads\/2026\/03\/Tendances-des-maisons-dhebergement-avril.pdf\"  target=\"_self\" itemprop=\"url\">\n\t\t\t\t<img decoding=\"async\" src=\"https:\/\/endvaw.ca\/wp-content\/uploads\/2026\/03\/Copy-of-Shelter-Trends-Apr-2024-Social-Media-400x400-1.png\" alt=\"Programmes pour les auteurs de violence: avril 2024\" itemprop=\"image\" height=\"400\" width=\"400\" title=\"Copy Of Shelter Trends Apr 2024 Social Media 400x400\" onerror=\"this.style.display='none'\" loading=\"lazy\" \/>\n\t\t\t\t<\/a>\n\t\tProgrammes pour les auteurs de violence: avril 2024\n\t\t\t\t<a href=\"http:\/\/endvaw.ca\/wp-content\/uploads\/2026\/03\/Tendances-des-maisons-dhebergement-mars-2024.pdf\"  target=\"_self\" itemprop=\"url\">\n\t\t\t\t<img decoding=\"async\" src=\"https:\/\/endvaw.ca\/wp-content\/uploads\/2026\/03\/FR-Tendances-des-maisons-mars-24-400x400-1.png\" alt=\"Dons locaux: mars 2024\" itemprop=\"image\" height=\"400\" width=\"400\" title=\"FR Tendances Des Maisons Mars 24 400x400\" onerror=\"this.style.display='none'\" loading=\"lazy\" \/>\n\t\t\t\t<\/a>\n\t\tDons locaux: mars 2024\n\t\t\t\t<a href=\"https:\/\/endvaw.ca\/wp-content\/uploads\/2026\/03\/Tendances-pour-les-maisons-dhebergement-fevrier-2024.pdf\"  target=\"_self\" itemprop=\"url\">\n\t\t\t\t<img decoding=\"async\" src=\"https:\/\/endvaw.ca\/wp-content\/uploads\/2026\/03\/FR-Shelter-Voices-Feb-24-400x400-1.png\" alt=\"Prestations de pension et de retraite: f\u00e9v 2024\" itemprop=\"image\" height=\"400\" width=\"400\" title=\"FR Shelter Voices Feb 24 400x400\" onerror=\"this.style.display='none'\" loading=\"lazy\" \/>\n\t\t\t\t<\/a>\n\t\tPrestations de pension et de retraite: f\u00e9v 2024\n<h2>\n\t\t\t2023\t<\/h2>\n\t\t\t\t<a href=\"https:\/\/endvaw.ca\/wp-content\/uploads\/2026\/03\/Tendances-pour-les-maisons-dhebergement-decembre-2023-.pdf\"  target=\"_self\" itemprop=\"url\">\n\t\t\t\t<img decoding=\"async\" src=\"https:\/\/endvaw.ca\/wp-content\/uploads\/2026\/03\/FR-Shelter-Voices-Dec-23-400x400-1.png\" alt=\"Les d\u00e9fis de l'assurance: d\u00e9c 2023\" itemprop=\"image\" height=\"400\" width=\"400\" title=\"FR Shelter Voices Dec 23 400x400\" onerror=\"this.style.display='none'\" loading=\"lazy\" \/>\n\t\t\t\t<\/a>\n\t\tLes d\u00e9fis de l&#8217;assurance: d\u00e9c 2023\n\t<p>Nous remercions la Fondation Un toit pour tous de Royal LePage pour le financement de ces publications.<\/p>\n\t\t\t\t<img decoding=\"async\" src=\"https:\/\/endvaw.ca\/wp-content\/uploads\/2026\/03\/RLPSF-FR-400x128-1.png\" alt=\"RLPSF FR 400x128\" itemprop=\"image\" height=\"128\" width=\"400\" title=\"RLPSF FR 400x128\" onerror=\"this.style.display='none'\" loading=\"lazy\" \/>\n\n","protected":false},"excerpt":{"rendered":"<p>Tendances des maisons d&#8217;h\u00e9bergement Tendances des maisons \u00e9tait une s\u00e9rie de sept publications sur les tendances dans le secteur des maisons d&#8217;h\u00e9bergement. 2024 Plan d&#8217;action national: novembre 2024 Pr\u00e9paration aux situations d&#8217;urgence: juin 2024 Immigration: mai 2024 Programmes pour les auteurs de violence: avril 2024 Dons locaux: mars 2024 Prestations de pension et de retraite: [&hellip;]<\/p>\n","protected":false},"author":3,"featured_media":0,"parent":19132,"menu_order":0,"comment_status":"closed","ping_status":"closed","template":"","meta":{"site-sidebar-layout":"no-sidebar","site-content-layout":"page-builder","ast-site-content-layout":"default","site-content-style":"default","site-sidebar-style":"default","ast-global-header-display":"","ast-banner-title-visibility":"","ast-main-header-display":"","ast-hfb-above-header-display":"","ast-hfb-below-header-display":"","ast-hfb-mobile-header-display":"","site-post-title":"disabled","ast-breadcrumbs-content":"","ast-featured-img":"disabled","footer-sml-layout":"","ast-disable-related-posts":"","theme-transparent-header-meta":"default","adv-header-id-meta":"","stick-header-meta":"","header-above-stick-meta":"","header-main-stick-meta":"","header-below-stick-meta":"","astra-migrate-meta-layouts":"set","ast-page-background-enabled":"default","ast-page-background-meta":{"desktop":{"background-color":"","background-image":"","background-repeat":"repeat","background-position":"center center","background-size":"auto","background-attachment":"scroll","background-type":"","background-media":"","overlay-type":"","overlay-color":"","overlay-opacity":"","overlay-gradient":""},"tablet":{"background-color":"","background-image":"","background-repeat":"repeat","background-position":"center center","background-size":"auto","background-attachment":"scroll","background-type":"","background-media":"","overlay-type":"","overlay-color":"","overlay-opacity":"","overlay-gradient":""},"mobile":{"background-color":"","background-image":"","background-repeat":"repeat","background-position":"center center","background-size":"auto","background-attachment":"scroll","background-type":"","background-media":"","overlay-type":"","overlay-color":"","overlay-opacity":"","overlay-gradient":""}},"ast-content-background-meta":{"desktop":{"background-color":"var(--ast-global-color-5)","background-image":"","background-repeat":"repeat","background-position":"center center","background-size":"auto","background-attachment":"scroll","background-type":"","background-media":"","overlay-type":"","overlay-color":"","overlay-opacity":"","overlay-gradient":""},"tablet":{"background-color":"var(--ast-global-color-5)","background-image":"","background-repeat":"repeat","background-position":"center center","background-size":"auto","background-attachment":"scroll","background-type":"","background-media":"","overlay-type":"","overlay-color":"","overlay-opacity":"","overlay-gradient":""},"mobile":{"background-color":"var(--ast-global-color-5)","background-image":"","background-repeat":"repeat","background-position":"center center","background-size":"auto","background-attachment":"scroll","background-type":"","background-media":"","overlay-type":"","overlay-color":"","overlay-opacity":"","overlay-gradient":""}},"footnotes":"","_links_to":"","_links_to_target":""},"class_list":["post-19615","page","type-page","status-publish","hentry"],"meta_box":[],"_links":{"self":[{"href":"https:\/\/endvaw.ca\/fr\/wp-json\/wp\/v2\/pages\/19615","targetHints":{"allow":["GET"]}}],"collection":[{"href":"https:\/\/endvaw.ca\/fr\/wp-json\/wp\/v2\/pages"}],"about":[{"href":"https:\/\/endvaw.ca\/fr\/wp-json\/wp\/v2\/types\/page"}],"author":[{"embeddable":true,"href":"https:\/\/endvaw.ca\/fr\/wp-json\/wp\/v2\/users\/3"}],"replies":[{"embeddable":true,"href":"https:\/\/endvaw.ca\/fr\/wp-json\/wp\/v2\/comments?post=19615"}],"version-history":[{"count":8,"href":"https:\/\/endvaw.ca\/fr\/wp-json\/wp\/v2\/pages\/19615\/revisions"}],"predecessor-version":[{"id":21967,"href":"https:\/\/endvaw.ca\/fr\/wp-json\/wp\/v2\/pages\/19615\/revisions\/21967"}],"up":[{"embeddable":true,"href":"https:\/\/endvaw.ca\/fr\/wp-json\/wp\/v2\/pages\/19132"}],"wp:attachment":[{"href":"https:\/\/endvaw.ca\/fr\/wp-json\/wp\/v2\/media?parent=19615"}],"curies":[{"name":"wp","href":"https:\/\/api.w.org\/{rel}","templated":true}]}}