{"id":19534,"date":"2026-02-20T11:08:13","date_gmt":"2026-02-20T16:08:13","guid":{"rendered":"https:\/\/endvaw.technicalities.ca\/?page_id=19534"},"modified":"2026-03-10T11:15:44","modified_gmt":"2026-03-10T15:15:44","slug":"etude-sur-lexode-des-cerveaux-feministes","status":"publish","type":"page","link":"https:\/\/endvaw.ca\/fr\/publications-sur-la-recherche-et-les-politiques\/etude-sur-lexode-des-cerveaux-feministes\/","title":{"rendered":"\u00c9tude sur l\u2019exode des cerveaux f\u00e9ministes"},"content":{"rendered":"\n<h1>\n\t\t\t\u00c9tude sur l&#8217;exode des cerveaux f\u00e9ministes\t<\/h1>\n\t<p>Alors que le personnel constitue l&#8217;\u00e9pine dorsale des MH, les organisations ont du mal \u00e0 recruter et \u00e0 conserver leur personnel, et celui-ci est confront\u00e9 \u00e0 des probl\u00e8mes, d&#8217;\u00e9puisement, de traumatismes indirects et \u00e0 un manque g\u00e9n\u00e9ral de bien-\u00eatre sur le lieu de travail. Pour mieux comprendre ce probl\u00e8me urgent, nous avons lanc\u00e9 notre \u00e9tude sur l&#8217;exode des cerveaux f\u00e9ministes en 2022 et le rapport complet en 2024.<\/p>\n<p>Ensemble, nous formons une voix nationale collaborative pour le changement.<\/p>\n<ul>\n<li><a href=\"https:\/\/endvaw.ca\/wp-content\/uploads\/2026\/03\/ECF-rapport-final.pdf\">T\u00e9l\u00e9charger le rapport complet<\/a><\/li>\n<li><a href=\"https:\/\/endvaw.ca\/wp-content\/uploads\/2026\/03\/ECF-Sommaire-executif.pdf\">T\u00e9l\u00e9charger le sommaire ex\u00e9cutif<\/a><\/li>\n<li><a href=\"https:\/\/www.youtube.com\/playlist?list=PLmAkDVk4o5Q1w-T5ZETf0brHmLQ2jAMpZ\" rel=\"noopener\">Liste de vid\u00e9os connexes<\/a><\/li>\n<\/ul>\n\t\t\t\t<img decoding=\"async\" src=\"https:\/\/endvaw.ca\/wp-content\/uploads\/2026\/02\/4flowers.png\" alt=\"\" itemprop=\"image\" onerror=\"this.style.display='none'\" loading=\"lazy\" \/>\n\t\t\t\t<a href=\"https:\/\/endvaw.ca\/wp-content\/uploads\/2026\/03\/WSC0801_ExodeCerveauxFeministes_Infographie_Epuisement-1.pdf\" target=\"_self\" itemprop=\"url\">\n\t\t\t\t<img decoding=\"async\" src=\"https:\/\/endvaw.ca\/wp-content\/uploads\/2026\/03\/WSC0801_FeministBrainDrain_Infographics_Burnout_1x1_FR_01-400x400-2.jpg\" alt=\"WSC0801 FeministBrainDrain Infographics Burnout 1x1 FR 01 400x400\" itemprop=\"image\" height=\"400\" width=\"400\" title=\"WSC0801 FeministBrainDrain Infographics Burnout 1x1 FR 01 400x400\" onerror=\"this.style.display='none'\" loading=\"lazy\" \/>\n\t\t\t\t<\/a>\n\t\t\t\t<a href=\"https:\/\/endvaw.ca\/wp-content\/uploads\/2026\/03\/WSC0801_ExodeCerveauxFeministes_Infographie_Financement-1.pdf\" target=\"_self\" itemprop=\"url\">\n\t\t\t\t<img decoding=\"async\" src=\"https:\/\/endvaw.ca\/wp-content\/uploads\/2026\/03\/WSC0801_FeministBrainDrain_Infographics_Funding_1x1_FR_01-400x400-2.jpg\" alt=\"WSC0801 FeministBrainDrain Infographics Funding 1x1 FR 01 400x400\" itemprop=\"image\" height=\"400\" width=\"400\" title=\"WSC0801 FeministBrainDrain Infographics Funding 1x1 FR 01 400x400\" onerror=\"this.style.display='none'\" loading=\"lazy\" \/>\n\t\t\t\t<\/a>\n\t\t\t\t<a href=\"https:\/\/endvaw.ca\/wp-content\/uploads\/2026\/03\/ECF-Appreciation-1.pdf\" target=\"_self\" itemprop=\"url\">\n\t\t\t\t<img decoding=\"async\" src=\"https:\/\/endvaw.ca\/wp-content\/uploads\/2026\/03\/ECF-Appreciation-400x451-2-e1772735923132.png\" alt=\"ECF Appreciation 400x451\" itemprop=\"image\" title=\"ECF Appreciation 400x451\" onerror=\"this.style.display='none'\" loading=\"lazy\" \/>\n\t\t\t\t<\/a>\n\t\t\t\t<a href=\"https:\/\/endvaw.ca\/wp-content\/uploads\/2026\/03\/ECF-Avantages-1.pdf\" target=\"_self\" itemprop=\"url\">\n\t\t\t\t<img decoding=\"async\" src=\"https:\/\/endvaw.ca\/wp-content\/uploads\/2026\/03\/ECF-Autosoin-400x458-2-e1772735962180.png\" alt=\"ECF Autosoin 400x458\" itemprop=\"image\" title=\"ECF Autosoin 400x458\" onerror=\"this.style.display='none'\" loading=\"lazy\" \/>\n\t\t\t\t<\/a>\n\t\t\t\t<a href=\"https:\/\/endvaw.ca\/wp-content\/uploads\/2026\/03\/ECF-Recrutement-1.pdf\" target=\"_self\" itemprop=\"url\">\n\t\t\t\t<img decoding=\"async\" src=\"https:\/\/endvaw.ca\/wp-content\/uploads\/2026\/03\/ECF-REcrutement-400x433-2.png\" alt=\"ECF REcrutement 400x433\" itemprop=\"image\" height=\"433\" width=\"400\" title=\"ECF REcrutement 400x433\" onerror=\"this.style.display='none'\" loading=\"lazy\" \/>\n\t\t\t\t<\/a>\n\t\t\t\t<a href=\"https:\/\/endvaw.ca\/wp-content\/uploads\/2026\/03\/ECF-Autosoin-1.pdf\" target=\"_self\" itemprop=\"url\">\n\t\t\t\t<img decoding=\"async\" src=\"https:\/\/endvaw.ca\/wp-content\/uploads\/2026\/03\/ECF-Avantages-400x443-2.png\" alt=\"ECF Avantages 400x443\" itemprop=\"image\" height=\"443\" width=\"400\" title=\"ECF Avantages 400x443\" onerror=\"this.style.display='none'\" loading=\"lazy\" \/>\n\t\t\t\t<\/a>\n\t\t\t\t<img decoding=\"async\" src=\"https:\/\/endvaw.ca\/wp-content\/plugins\/bb-plugin\/img\/pixel.png\" alt=\"\" itemprop=\"image\" onerror=\"this.style.display='none'\" loading=\"lazy\" \/>\n\t\t\t\t<a href=\"https:\/\/endvaw.ca\/wp-content\/uploads\/2026\/03\/ECF-Charge-de-travail-1.pdf\" target=\"_self\" itemprop=\"url\">\n\t\t\t\t<img decoding=\"async\" src=\"https:\/\/endvaw.ca\/wp-content\/uploads\/2026\/03\/ECF-Charge-de-travail-400x432-2.png\" alt=\"ECF Charge De Travail 400x432\" itemprop=\"image\" height=\"432\" width=\"400\" title=\"ECF Charge De Travail 400x432\" onerror=\"this.style.display='none'\" loading=\"lazy\" \/>\n\t\t\t\t<\/a>\n\t<p>Ce projet est financ\u00e9 par Femmes et \u00c9galit\u00e9s des genres Canada.<\/p>\n\t\t\t\t<img decoding=\"async\" src=\"https:\/\/endvaw.ca\/wp-content\/uploads\/2026\/03\/WAGE-FEGC-R-f-300x28-2.png\" alt=\"WAGE FEGC R F 300x28\" itemprop=\"image\" height=\"28\" width=\"300\" title=\"WAGE FEGC R F 300x28\" onerror=\"this.style.display='none'\" loading=\"lazy\" \/>\n\n","protected":false},"excerpt":{"rendered":"<p>\u00c9tude sur l&#8217;exode des cerveaux f\u00e9ministes Alors que le personnel constitue l&#8217;\u00e9pine dorsale des MH, les organisations ont du mal \u00e0 recruter et \u00e0 conserver leur personnel, et celui-ci est confront\u00e9 \u00e0 des probl\u00e8mes, d&#8217;\u00e9puisement, de traumatismes indirects et \u00e0 un manque g\u00e9n\u00e9ral de bien-\u00eatre sur le lieu de travail. Pour mieux comprendre ce probl\u00e8me [&hellip;]<\/p>\n","protected":false},"author":3,"featured_media":0,"parent":19132,"menu_order":0,"comment_status":"closed","ping_status":"closed","template":"","meta":{"site-sidebar-layout":"no-sidebar","site-content-layout":"page-builder","ast-site-content-layout":"default","site-content-style":"default","site-sidebar-style":"default","ast-global-header-display":"","ast-banner-title-visibility":"","ast-main-header-display":"","ast-hfb-above-header-display":"","ast-hfb-below-header-display":"","ast-hfb-mobile-header-display":"","site-post-title":"disabled","ast-breadcrumbs-content":"","ast-featured-img":"disabled","footer-sml-layout":"","ast-disable-related-posts":"","theme-transparent-header-meta":"default","adv-header-id-meta":"","stick-header-meta":"default","header-above-stick-meta":"","header-main-stick-meta":"","header-below-stick-meta":"","astra-migrate-meta-layouts":"set","ast-page-background-enabled":"default","ast-page-background-meta":{"desktop":{"background-color":"","background-image":"","background-repeat":"repeat","background-position":"center center","background-size":"auto","background-attachment":"scroll","background-type":"","background-media":"","overlay-type":"","overlay-color":"","overlay-opacity":"","overlay-gradient":""},"tablet":{"background-color":"","background-image":"","background-repeat":"repeat","background-position":"center center","background-size":"auto","background-attachment":"scroll","background-type":"","background-media":"","overlay-type":"","overlay-color":"","overlay-opacity":"","overlay-gradient":""},"mobile":{"background-color":"","background-image":"","background-repeat":"repeat","background-position":"center center","background-size":"auto","background-attachment":"scroll","background-type":"","background-media":"","overlay-type":"","overlay-color":"","overlay-opacity":"","overlay-gradient":""}},"ast-content-background-meta":{"desktop":{"background-color":"var(--ast-global-color-5)","background-image":"","background-repeat":"repeat","background-position":"center center","background-size":"auto","background-attachment":"scroll","background-type":"","background-media":"","overlay-type":"","overlay-color":"","overlay-opacity":"","overlay-gradient":""},"tablet":{"background-color":"var(--ast-global-color-5)","background-image":"","background-repeat":"repeat","background-position":"center center","background-size":"auto","background-attachment":"scroll","background-type":"","background-media":"","overlay-type":"","overlay-color":"","overlay-opacity":"","overlay-gradient":""},"mobile":{"background-color":"var(--ast-global-color-5)","background-image":"","background-repeat":"repeat","background-position":"center center","background-size":"auto","background-attachment":"scroll","background-type":"","background-media":"","overlay-type":"","overlay-color":"","overlay-opacity":"","overlay-gradient":""}},"footnotes":"","_links_to":"","_links_to_target":""},"class_list":["post-19534","page","type-page","status-publish","hentry"],"meta_box":[],"_links":{"self":[{"href":"https:\/\/endvaw.ca\/fr\/wp-json\/wp\/v2\/pages\/19534","targetHints":{"allow":["GET"]}}],"collection":[{"href":"https:\/\/endvaw.ca\/fr\/wp-json\/wp\/v2\/pages"}],"about":[{"href":"https:\/\/endvaw.ca\/fr\/wp-json\/wp\/v2\/types\/page"}],"author":[{"embeddable":true,"href":"https:\/\/endvaw.ca\/fr\/wp-json\/wp\/v2\/users\/3"}],"replies":[{"embeddable":true,"href":"https:\/\/endvaw.ca\/fr\/wp-json\/wp\/v2\/comments?post=19534"}],"version-history":[{"count":12,"href":"https:\/\/endvaw.ca\/fr\/wp-json\/wp\/v2\/pages\/19534\/revisions"}],"predecessor-version":[{"id":21509,"href":"https:\/\/endvaw.ca\/fr\/wp-json\/wp\/v2\/pages\/19534\/revisions\/21509"}],"up":[{"embeddable":true,"href":"https:\/\/endvaw.ca\/fr\/wp-json\/wp\/v2\/pages\/19132"}],"wp:attachment":[{"href":"https:\/\/endvaw.ca\/fr\/wp-json\/wp\/v2\/media?parent=19534"}],"curies":[{"name":"wp","href":"https:\/\/api.w.org\/{rel}","templated":true}]}}