{"id":19460,"date":"2026-02-26T10:14:05","date_gmt":"2026-02-26T15:14:05","guid":{"rendered":"https:\/\/endvaw.technicalities.ca\/nouvelles-et-communiques-de-presse\/"},"modified":"2026-03-11T15:25:31","modified_gmt":"2026-03-11T19:25:31","slug":"nouvelles-et-communiques-de-presse","status":"publish","type":"page","link":"https:\/\/endvaw.ca\/fr\/nouvelles-et-communiques-de-presse\/","title":{"rendered":"Nouvelles et communiqu\u00e9s de presse"},"content":{"rendered":"\n<h1>\n\t\t\tNouvelles et communiqu\u00e9s de presse\t<\/h1>\n\t<h2>Nouvelles et communiqu\u00e9s de presse r\u00e9cents<\/h2>\n\t\t\t\t<img decoding=\"async\" src=\"https:\/\/endvaw.ca\/wp-content\/uploads\/2026\/02\/4flowers.png\" alt=\"\" itemprop=\"image\" onerror=\"this.style.display='none'\" loading=\"lazy\" \/>\n\n","protected":false},"excerpt":{"rendered":"<p>Nouvelles et communiqu\u00e9s de presse Nouvelles et communiqu\u00e9s de presse r\u00e9cents<\/p>\n","protected":false},"author":7,"featured_media":0,"parent":0,"menu_order":106,"comment_status":"closed","ping_status":"closed","template":"","meta":{"site-sidebar-layout":"no-sidebar","site-content-layout":"page-builder","ast-site-content-layout":"default","site-content-style":"default","site-sidebar-style":"default","ast-global-header-display":"","ast-banner-title-visibility":"","ast-main-header-display":"","ast-hfb-above-header-display":"","ast-hfb-below-header-display":"","ast-hfb-mobile-header-display":"","site-post-title":"disabled","ast-breadcrumbs-content":"","ast-featured-img":"disabled","footer-sml-layout":"","ast-disable-related-posts":"","theme-transparent-header-meta":"default","adv-header-id-meta":"","stick-header-meta":"","header-above-stick-meta":"","header-main-stick-meta":"","header-below-stick-meta":"","astra-migrate-meta-layouts":"default","ast-page-background-enabled":"default","ast-page-background-meta":{"desktop":{"background-color":"","background-image":"","background-repeat":"repeat","background-position":"center center","background-size":"auto","background-attachment":"scroll","background-type":"","background-media":"","overlay-type":"","overlay-color":"","overlay-opacity":"","overlay-gradient":""},"tablet":{"background-color":"","background-image":"","background-repeat":"repeat","background-position":"center center","background-size":"auto","background-attachment":"scroll","background-type":"","background-media":"","overlay-type":"","overlay-color":"","overlay-opacity":"","overlay-gradient":""},"mobile":{"background-color":"","background-image":"","background-repeat":"repeat","background-position":"center center","background-size":"auto","background-attachment":"scroll","background-type":"","background-media":"","overlay-type":"","overlay-color":"","overlay-opacity":"","overlay-gradient":""}},"ast-content-background-meta":{"desktop":{"background-color":"var(--ast-global-color-5)","background-image":"","background-repeat":"repeat","background-position":"center center","background-size":"auto","background-attachment":"scroll","background-type":"","background-media":"","overlay-type":"","overlay-color":"","overlay-opacity":"","overlay-gradient":""},"tablet":{"background-color":"var(--ast-global-color-5)","background-image":"","background-repeat":"repeat","background-position":"center center","background-size":"auto","background-attachment":"scroll","background-type":"","background-media":"","overlay-type":"","overlay-color":"","overlay-opacity":"","overlay-gradient":""},"mobile":{"background-color":"var(--ast-global-color-5)","background-image":"","background-repeat":"repeat","background-position":"center center","background-size":"auto","background-attachment":"scroll","background-type":"","background-media":"","overlay-type":"","overlay-color":"","overlay-opacity":"","overlay-gradient":""}},"footnotes":"","_links_to":"","_links_to_target":""},"class_list":["post-19460","page","type-page","status-publish","hentry"],"meta_box":[],"_links":{"self":[{"href":"https:\/\/endvaw.ca\/fr\/wp-json\/wp\/v2\/pages\/19460","targetHints":{"allow":["GET"]}}],"collection":[{"href":"https:\/\/endvaw.ca\/fr\/wp-json\/wp\/v2\/pages"}],"about":[{"href":"https:\/\/endvaw.ca\/fr\/wp-json\/wp\/v2\/types\/page"}],"author":[{"embeddable":true,"href":"https:\/\/endvaw.ca\/fr\/wp-json\/wp\/v2\/users\/7"}],"replies":[{"embeddable":true,"href":"https:\/\/endvaw.ca\/fr\/wp-json\/wp\/v2\/comments?post=19460"}],"version-history":[{"count":1,"href":"https:\/\/endvaw.ca\/fr\/wp-json\/wp\/v2\/pages\/19460\/revisions"}],"predecessor-version":[{"id":21373,"href":"https:\/\/endvaw.ca\/fr\/wp-json\/wp\/v2\/pages\/19460\/revisions\/21373"}],"wp:attachment":[{"href":"https:\/\/endvaw.ca\/fr\/wp-json\/wp\/v2\/media?parent=19460"}],"curies":[{"name":"wp","href":"https:\/\/api.w.org\/{rel}","templated":true}]}}