{"id":19299,"date":"2026-03-03T15:18:26","date_gmt":"2026-03-03T20:18:26","guid":{"rendered":"https:\/\/endvaw.technicalities.ca\/donate-securities\/"},"modified":"2026-03-11T15:25:42","modified_gmt":"2026-03-11T19:25:42","slug":"donate-securities","status":"publish","type":"page","link":"https:\/\/endvaw.ca\/fr\/donate-securities\/","title":{"rendered":"Donate Securities"},"content":{"rendered":"\n<h1>\n\t\t\tFaire don de valeurs mobili\u00e8res\t<\/h1>\n\t<p><strong>Savez-vous? <\/strong>Un don de valeurs mobili\u00e8res ou de fonds communs de placement est le moyen le plus efficace de donner de mani\u00e8re charitable. Si vous donnez les titres en nature, la plus-value imposable est \u00e9vit\u00e9e et vous recevrez un re\u00e7u de charit\u00e9 pour la valeur marchande des titres le jour o\u00f9 vous effectuez le transfert. Cela vous permet de donner plus et d&#8217;obtenir plus.<\/p>\n<p><strong>CanaDon<\/strong>, notre partenaire de confiance, traitera votre don de valeurs mobili\u00e8res en notre nom. Voici comment \u00e7a fonctionne :<\/p>\n<ul>\n<li><strong>Compl\u00e9tez votre engagement en ligne:<\/strong> Fournissez des d\u00e9tails sur votre don de valeurs mobili\u00e8res ou de fonds communs de placement. Une fois le formulaire compl\u00e9t\u00e9, t\u00e9l\u00e9chargez le formulaire de lettre de direction. Vous recevrez \u00e9galement un courriel confirmant votre engagement. CanaDon recevra et traitera votre engagement.<\/li>\n<li><strong>Envoyer la lettre de directives compl\u00e9t\u00e9e<\/strong> \u00e0 votre courtier, autorisant le transfert de vos actions \u00e0 CanaDon. Le transfert prend g\u00e9n\u00e9ralement entre 1 et 2 jours ouvrables pour s&#8217;inscrire dans le compte de CanaDon.<\/li>\n<li><strong>CanaDon vendra rapidement les actions:<\/strong> Une fois le produit re\u00e7u, CanaDon vous enverra un courriel de confirmation d\u00e9taill\u00e9 avec votre re\u00e7u d&#8217;imp\u00f4t pour don de bienfaisance, et versera le produit de la vente \u00e0 notre organisme de bienfaisance.<\/li>\n<\/ul>\n<strong>Utilisez-vous une plateforme d&#8217;investissement direct telle que RBC Invest direct, Investissement direct TD Waterhouse, Scotia iTrade ou QuestTrade?<\/strong>\nIl se peut que vous deviez remplir le formulaire de lettre d&#8217;autorisation \/ directive disponible aupr\u00e8s de votre soci\u00e9t\u00e9 d&#8217;investissement direct. La lettre de directives que nous fournissons \u00e0 la fin de votre engagement comprend toutes les informations dont vous aurez besoin pour remplir leur formulaire.\n\n","protected":false},"excerpt":{"rendered":"<p>Faire don de valeurs mobili\u00e8res Savez-vous? Un don de valeurs mobili\u00e8res ou de fonds communs de placement est le moyen le plus efficace de donner de mani\u00e8re charitable. Si vous donnez les titres en nature, la plus-value imposable est \u00e9vit\u00e9e et vous recevrez un re\u00e7u de charit\u00e9 pour la valeur marchande des titres le jour [&hellip;]<\/p>\n","protected":false},"author":1,"featured_media":0,"parent":0,"menu_order":120,"comment_status":"closed","ping_status":"closed","template":"","meta":{"site-sidebar-layout":"no-sidebar","site-content-layout":"page-builder","ast-site-content-layout":"default","site-content-style":"default","site-sidebar-style":"default","ast-global-header-display":"","ast-banner-title-visibility":"","ast-main-header-display":"","ast-hfb-above-header-display":"","ast-hfb-below-header-display":"","ast-hfb-mobile-header-display":"","site-post-title":"disabled","ast-breadcrumbs-content":"","ast-featured-img":"disabled","footer-sml-layout":"","ast-disable-related-posts":"","theme-transparent-header-meta":"default","adv-header-id-meta":"","stick-header-meta":"","header-above-stick-meta":"","header-main-stick-meta":"","header-below-stick-meta":"","astra-migrate-meta-layouts":"default","ast-page-background-enabled":"default","ast-page-background-meta":{"desktop":{"background-color":"","background-image":"","background-repeat":"repeat","background-position":"center center","background-size":"auto","background-attachment":"scroll","background-type":"","background-media":"","overlay-type":"","overlay-color":"","overlay-opacity":"","overlay-gradient":""},"tablet":{"background-color":"","background-image":"","background-repeat":"repeat","background-position":"center center","background-size":"auto","background-attachment":"scroll","background-type":"","background-media":"","overlay-type":"","overlay-color":"","overlay-opacity":"","overlay-gradient":""},"mobile":{"background-color":"","background-image":"","background-repeat":"repeat","background-position":"center center","background-size":"auto","background-attachment":"scroll","background-type":"","background-media":"","overlay-type":"","overlay-color":"","overlay-opacity":"","overlay-gradient":""}},"ast-content-background-meta":{"desktop":{"background-color":"var(--ast-global-color-5)","background-image":"","background-repeat":"repeat","background-position":"center center","background-size":"auto","background-attachment":"scroll","background-type":"","background-media":"","overlay-type":"","overlay-color":"","overlay-opacity":"","overlay-gradient":""},"tablet":{"background-color":"var(--ast-global-color-5)","background-image":"","background-repeat":"repeat","background-position":"center center","background-size":"auto","background-attachment":"scroll","background-type":"","background-media":"","overlay-type":"","overlay-color":"","overlay-opacity":"","overlay-gradient":""},"mobile":{"background-color":"var(--ast-global-color-5)","background-image":"","background-repeat":"repeat","background-position":"center center","background-size":"auto","background-attachment":"scroll","background-type":"","background-media":"","overlay-type":"","overlay-color":"","overlay-opacity":"","overlay-gradient":""}},"footnotes":"","_links_to":"","_links_to_target":""},"class_list":["post-19299","page","type-page","status-publish","hentry"],"meta_box":[],"_links":{"self":[{"href":"https:\/\/endvaw.ca\/fr\/wp-json\/wp\/v2\/pages\/19299","targetHints":{"allow":["GET"]}}],"collection":[{"href":"https:\/\/endvaw.ca\/fr\/wp-json\/wp\/v2\/pages"}],"about":[{"href":"https:\/\/endvaw.ca\/fr\/wp-json\/wp\/v2\/types\/page"}],"author":[{"embeddable":true,"href":"https:\/\/endvaw.ca\/fr\/wp-json\/wp\/v2\/users\/1"}],"replies":[{"embeddable":true,"href":"https:\/\/endvaw.ca\/fr\/wp-json\/wp\/v2\/comments?post=19299"}],"version-history":[{"count":3,"href":"https:\/\/endvaw.ca\/fr\/wp-json\/wp\/v2\/pages\/19299\/revisions"}],"predecessor-version":[{"id":21408,"href":"https:\/\/endvaw.ca\/fr\/wp-json\/wp\/v2\/pages\/19299\/revisions\/21408"}],"wp:attachment":[{"href":"https:\/\/endvaw.ca\/fr\/wp-json\/wp\/v2\/media?parent=19299"}],"curies":[{"name":"wp","href":"https:\/\/api.w.org\/{rel}","templated":true}]}}