{"id":19246,"date":"2026-02-26T10:08:56","date_gmt":"2026-02-26T15:08:56","guid":{"rendered":"https:\/\/endvaw.technicalities.ca\/in-the-media\/"},"modified":"2026-03-24T15:54:23","modified_gmt":"2026-03-24T19:54:23","slug":"hfc-dans-les-medias","status":"publish","type":"page","link":"https:\/\/endvaw.ca\/fr\/hfc-dans-les-medias\/","title":{"rendered":"HFC dans les m\u00e9dias"},"content":{"rendered":"\n<h1>\n\t\t\tHFC dans les m\u00e9dias\t<\/h1>\n\t<h2>Les m\u00e9dias et le travail d&#8217;HFC<\/h2>\n\n<ul>\n<li><a href=\"https:\/\/www.noovo.info\/nouvelles\/societe\/article\/30-femmes-et-filles-ont-ete-tuees-de-maniere-violente-au-canada-depuis-le-debut-de-lannee-selon-un-organisme\/\" target=\"_blank\" rel=\"noopener\">30 femmes et filles ont \u00e9t\u00e9 tu\u00e9es \u00abde mani\u00e8re violente\u00bb au Canada depuis le d\u00e9but de l&#8217;ann\u00e9e, selon un organisme<\/a>, <em>CTV News, 15 mars 2026<\/em><\/li>\n<li><a href=\"https:\/\/www.journaldemontreal.com\/2026\/03\/13\/a-propos-de-la-violence-conjugale\" rel=\"noopener\">\u00c0 propos de la violence conjugale<\/a>, <em>Le journal de Montreal, 13 mars 2026<\/em><\/li>\n<li><a href=\"https:\/\/www.lapresse.ca\/dialogue\/opinions\/2026-03-07\/violence-conjugale\/une-violence-qui-les-suit-jusqu-au-travail.php\" rel=\"noopener\">Une violence qui les suit jusqu&#8217;au travail<\/a>, <em>La Presse, 7 mars 2026<\/em><\/li>\n<li><a href=\"https:\/\/ici.radio-canada.ca\/ohdio\/premiere\/emissions\/premiere-heure\/segments\/rattrapage\/2286397\/une-campagne-pour-sensibilser-employeurs-a-agir-contre-violence-conjugale\" rel=\"noopener\">Violence conjugale : le r\u00f4le des patrons<\/a>,\u00a0<em>Premi\u00e8re heure, Radio-Canada, 30 janvier 2026\u00a0<\/em><\/li>\n<li><a href=\"https:\/\/lactualite.com\/actualites\/un-depute-liberal-propose-des-modifications-a-la-loi-sur-le-divorce\/\" rel=\"noopener\">Un d\u00e9put\u00e9 lib\u00e9ral propose des modifications \u00e0 la Loi sur le divorce<\/a>,\u00a0<em>La Presse Canadienne, 28 janvier 2026<\/em><\/li>\n<li><a href=\"https:\/\/www.noovo.info\/nouvelles\/societe\/article\/un-organisme-exhorte-les-employeurs-a-reconnaitre-la-violence-conjugale\/\" rel=\"noopener\">Un organisme exhorte les employeurs \u00e0 reconna\u00eetre la violence conjugale<\/a>,\u00a0<em>noovo info, 27 janvier 2026<\/em><\/li>\n<li><a href=\"https:\/\/www.grenier.qc.ca\/actualites\/53621\/hebergement-femmes-canada-redige-une-lettre-de-recommandation-impossible-a-ignorer\" rel=\"noopener\">H\u00e9bergement femmes Canada r\u00e9dige une lettre de recommandation impossible \u00e0 ignorer<\/a>,\u00a0<em>Grenier, 27 janvier 2026<\/em><\/li>\n<li><a href=\"https:\/\/infolanaudiere.ca\/les-maisons-dhebergement-du-canada-demandent-aux-employeurs-de-la-recommander-dans-une-nouvelle-campagne\/\" rel=\"noopener\">Les maisons d&#8217;h\u00e9bergement du Canada demandent aux employeurs de la \u00ab recommander \u00bb dans une nouvelle campagne<\/a>,\u00a0<em>Info Lanaudi\u00e8re, 26 janvier 2026<\/em><\/li>\n<li><a href=\"https:\/\/www.ellequebec.com\/societe\/psycho\/le-devoir-dagir-comment-soutenir-une-collegue-victime-de-violence-conjugale\" rel=\"noopener\">Le devoir d&#8217;agir : comment soutenir une coll\u00e8gue victime de violence conjugale<\/a>,\u00a0<em>Elle Quebec, 26 janvier 2026<\/em><\/li>\n<li><a href=\"https:\/\/gazettedesfemmes.ca\/25692\/la-technologie-comme-arme-de-controle\/\" target=\"_blank\" rel=\"noopener\">La technologie comme arme de contr\u00f4le<\/a>,\u00a0<em>Gazette des femmes<\/em>, 13 novembre 2025<\/li>\n<li><a href=\"https:\/\/www.ellequebec.com\/societe\/amour-et-sexe\/aimer-sans-abuser-ysl-beaute\" rel=\"noopener\">Les 9 signes de la violence conjugale<\/a>,\u00a0<em>Elle Qu\u00e9bec,\u00a0<\/em>31 janvier 2025<\/li>\n<\/ul>\n\t\t\t\t<img decoding=\"async\" src=\"https:\/\/endvaw.ca\/wp-content\/uploads\/2026\/02\/lower-flowers-5.png\" alt=\"\" itemprop=\"image\" onerror=\"this.style.display='none'\" loading=\"lazy\" \/>\n\t<h3>Lise Martin, ancienne directrice g\u00e9n\u00e9rale, se pr\u00e9pare pour une interview<\/h3>\n\t\t\t\t<img decoding=\"async\" src=\"https:\/\/endvaw.ca\/wp-content\/uploads\/2026\/02\/top-flowers-3large.png\" alt=\"\" itemprop=\"image\" onerror=\"this.style.display='none'\" loading=\"lazy\" \/>\n\t<h2>Articles d&#8217;opinion d&#8217;HFC<\/h2>\n\n<ul>\n<li><a href=\"https:\/\/www.lapresse.ca\/dialogue\/opinions\/2026-03-07\/violence-conjugale\/une-violence-qui-les-suit-jusqu-au-travail.php\" rel=\"noopener\">Une violence qui les suit jusqu&#8217;au travail<\/a>,\u00a0<em>La Presse<\/em>, 7 mars 2026<\/li>\n<\/ul>\n\n","protected":false},"excerpt":{"rendered":"<p>HFC dans les m\u00e9dias Les m\u00e9dias et le travail d&#8217;HFC 30 femmes et filles ont \u00e9t\u00e9 tu\u00e9es \u00abde mani\u00e8re violente\u00bb au Canada depuis le d\u00e9but de l&#8217;ann\u00e9e, selon un organisme, CTV News, 15 mars 2026 \u00c0 propos de la violence conjugale, Le journal de Montreal, 13 mars 2026 Une violence qui les suit jusqu&#8217;au travail, [&hellip;]<\/p>\n","protected":false},"author":7,"featured_media":0,"parent":0,"menu_order":102,"comment_status":"closed","ping_status":"closed","template":"","meta":{"site-sidebar-layout":"no-sidebar","site-content-layout":"page-builder","ast-site-content-layout":"default","site-content-style":"default","site-sidebar-style":"default","ast-global-header-display":"","ast-banner-title-visibility":"","ast-main-header-display":"","ast-hfb-above-header-display":"","ast-hfb-below-header-display":"","ast-hfb-mobile-header-display":"","site-post-title":"disabled","ast-breadcrumbs-content":"","ast-featured-img":"disabled","footer-sml-layout":"","ast-disable-related-posts":"","theme-transparent-header-meta":"default","adv-header-id-meta":"","stick-header-meta":"","header-above-stick-meta":"","header-main-stick-meta":"","header-below-stick-meta":"","astra-migrate-meta-layouts":"set","ast-page-background-enabled":"default","ast-page-background-meta":{"desktop":{"background-color":"","background-image":"","background-repeat":"repeat","background-position":"center center","background-size":"auto","background-attachment":"scroll","background-type":"","background-media":"","overlay-type":"","overlay-color":"","overlay-opacity":"","overlay-gradient":""},"tablet":{"background-color":"","background-image":"","background-repeat":"repeat","background-position":"center center","background-size":"auto","background-attachment":"scroll","background-type":"","background-media":"","overlay-type":"","overlay-color":"","overlay-opacity":"","overlay-gradient":""},"mobile":{"background-color":"","background-image":"","background-repeat":"repeat","background-position":"center center","background-size":"auto","background-attachment":"scroll","background-type":"","background-media":"","overlay-type":"","overlay-color":"","overlay-opacity":"","overlay-gradient":""}},"ast-content-background-meta":{"desktop":{"background-color":"var(--ast-global-color-5)","background-image":"","background-repeat":"repeat","background-position":"center center","background-size":"auto","background-attachment":"scroll","background-type":"","background-media":"","overlay-type":"","overlay-color":"","overlay-opacity":"","overlay-gradient":""},"tablet":{"background-color":"var(--ast-global-color-5)","background-image":"","background-repeat":"repeat","background-position":"center center","background-size":"auto","background-attachment":"scroll","background-type":"","background-media":"","overlay-type":"","overlay-color":"","overlay-opacity":"","overlay-gradient":""},"mobile":{"background-color":"var(--ast-global-color-5)","background-image":"","background-repeat":"repeat","background-position":"center center","background-size":"auto","background-attachment":"scroll","background-type":"","background-media":"","overlay-type":"","overlay-color":"","overlay-opacity":"","overlay-gradient":""}},"footnotes":"","_links_to":"","_links_to_target":""},"class_list":["post-19246","page","type-page","status-publish","hentry"],"meta_box":[],"_links":{"self":[{"href":"https:\/\/endvaw.ca\/fr\/wp-json\/wp\/v2\/pages\/19246","targetHints":{"allow":["GET"]}}],"collection":[{"href":"https:\/\/endvaw.ca\/fr\/wp-json\/wp\/v2\/pages"}],"about":[{"href":"https:\/\/endvaw.ca\/fr\/wp-json\/wp\/v2\/types\/page"}],"author":[{"embeddable":true,"href":"https:\/\/endvaw.ca\/fr\/wp-json\/wp\/v2\/users\/7"}],"replies":[{"embeddable":true,"href":"https:\/\/endvaw.ca\/fr\/wp-json\/wp\/v2\/comments?post=19246"}],"version-history":[{"count":10,"href":"https:\/\/endvaw.ca\/fr\/wp-json\/wp\/v2\/pages\/19246\/revisions"}],"predecessor-version":[{"id":22358,"href":"https:\/\/endvaw.ca\/fr\/wp-json\/wp\/v2\/pages\/19246\/revisions\/22358"}],"wp:attachment":[{"href":"https:\/\/endvaw.ca\/fr\/wp-json\/wp\/v2\/media?parent=19246"}],"curies":[{"name":"wp","href":"https:\/\/api.w.org\/{rel}","templated":true}]}}