{"id":19150,"date":"2026-02-24T11:12:53","date_gmt":"2026-02-24T16:12:53","guid":{"rendered":"https:\/\/endvaw.technicalities.ca\/projet-de-nouvelles-constructions-de-mh2\/"},"modified":"2026-03-11T15:25:36","modified_gmt":"2026-03-11T19:25:36","slug":"projet-de-nouvelles-constructions-de-mh2","status":"publish","type":"page","link":"https:\/\/endvaw.ca\/fr\/projet-de-nouvelles-constructions-de-mh2\/","title":{"rendered":"Projet de nouvelles constructions de MH2"},"content":{"rendered":"\n<h1>\n\t\t\tProjet de nouvelles constructions de MH2\t<\/h1>\n\t<h2>Qu&#8217;est-ce que le projet Nouvelles constructions de maisons d&#8217;h\u00e9bergement de deuxi\u00e8me \u00e9tape (MH2)?<\/h2>\n<p>Les maisons d&#8217;h\u00e9bergement de deuxi\u00e8me \u00e9tape offrent une soutien pour les survivantes de violence conjugale qui risquent d&#8217;\u00eatre en danger apr\u00e8s la s\u00e9paration et qui ont besoin de plus de temps et de services pour gu\u00e9rir de leurs traumatismes et reconstruire leur vie. Dans notre <a href=\"https:\/\/endvaw.ca\/wp-content\/uploads\/2026\/03\/sommaire-executif-maisons-2e-2020.pdf\" target=\"_blank\" rel=\"noopener\">rapport 2020 sur les maisons d&#8217;h\u00e9bergement de deuxi\u00e8me \u00e9tape<\/a>, nous avons appris que ce type de logement n&#8217;est pas assez r\u00e9pandu au Canada.<\/p>\n<p>Lanc\u00e9 en septembre 2022 HFC a augment\u00e9 sa capacit\u00e9 interne \u00e0 offrir des services de d\u00e9veloppement aux organisations mal desservies, en particulier aux MH des communaut\u00e9s rurales, \u00e9loign\u00e9es et nordiques, qui souhaitent cr\u00e9er de nouvelles maisons de deuxi\u00e8me \u00e9tape. Ces services sont gratuits pour les MH.<\/p>\n<p>Les MH sont souvent surcharg\u00e9es et manquent de temps et d&#8217;expertise pour cr\u00e9er de nouvelles places. HFC comble cette lacune en offrant des services pour soutenir les MH tout au long du processus de d\u00e9veloppement.<\/p>\n\t\t\t\t<img decoding=\"async\" src=\"https:\/\/endvaw.ca\/wp-content\/uploads\/2026\/02\/4flowers.png\" alt=\"\" itemprop=\"image\" onerror=\"this.style.display='none'\" loading=\"lazy\" \/>\n\t<h2>Quel est l&#8217;impact du projet Nouvelles constructions MH2 jusqu&#8217;\u00e0 pr\u00e9sent?<\/h2>\n<ul>\n<li>Gr\u00e2ce \u00e0 nos connaissances, nous avons accompagn\u00e9 plus de 40 MH dans tout le pays, en leur fournissant des conseils et des ressources sur mesure.<\/li>\n<li>L&#8217;\u00e9quipe Nouvelles constructions MH2 a demand\u00e9 et obtenu pr\u00e8s de 17 millions de dollars en fonds d&#8217;investissement pour de nouveaux projets de MH2, au profit de sept organisations.<\/li>\n<li>D&#8217;une valeur d&#8217;environ 1,5 million de dollars, l&#8217;\u00e9quipe Nouvelles constructions MH2 fournit des services de gestion de projet en nature pour quatre projets de construction des MH2.<\/li>\n<li>Deux projets ont \u00e9t\u00e9 achev\u00e9s gr\u00e2ce au soutien de l&#8217;\u00e9quipe Nouvelles constructions MH2. Ces deux projets ont cr\u00e9\u00e9 un total de 17 nouvelles unit\u00e9s de logement transitoire de deuxi\u00e8me \u00e9tape, ce qui fournira 71 lits pour les femmes et les enfants.<\/li>\n<\/ul>\n<p>Une carte du Canada avec des \u00e9pingles de localisation indiquant les MH que le projet nouvelles constructions de MH2 a soutenues de novembre 2022 \u00e0 mai 2025.<\/p>\n\t<h3><strong>T\u00e9moignages des participantes au projet<\/strong><\/h3>\n\t\t\t\t\t\t\t<p>L&#8217;\u00e9quipe Nouvelles constructions MH2 nous a fourni une aide pr\u00e9cieuse&#8230; dans l&#8217;espoir de garantir que nous puissions continuer \u00e0 offrir les services indispensables que nous dispensons \u00e0 la communaut\u00e9 pendant plusieurs ann\u00e9es. Sans l&#8217;information, les ressources, le soutien, les relations et le financement fournis \u00e0 notre organisation, nous aurions \u00e9t\u00e9 incapables d&#8217;aller aussi loin dans nos efforts pour atteindre notre objectif. Mon travail de supervision de ce projet est devenu beaucoup moins stressant gr\u00e2ce aux connaissances fournies par l&#8217;\u00e9quipe. Je vous en serai toujours reconnaissante.   <\/p>\t\t\t\t\t\t\n\t\t\t\t\t\t\t<p>Tout au long du processus de faisabilit\u00e9, l&#8217;\u00e9quipe Nouvelles constructions MH2 \u00e9tait tr\u00e8s pr\u00e9sente et a fait partie int\u00e9grante du lancement et de la poursuite de notre projet. Leur efficacit\u00e9 illustre leur engagement personnel et professionnel en faveur des femmes, en particulier des femmes des zones rurales, en favorisant l&#8217;am\u00e9lioration de notre programme d&#8217;h\u00e9bergement. <\/p>\t\t\t\t\t\t\n\t\t\t\t\t\t\t<p>Je ne saurais trop insister sur la valeur que le projet Nouvelles constructions MH2 d&#8217;H\u00e9bergement femmes Canada a ajout\u00e9 \u00e0 notre propre projet. Bien que la directrice g\u00e9n\u00e9rale d&#8217;une MH assume une myriade de t\u00e2ches et de responsabilit\u00e9s, je n&#8217;\u00e9tais tout simplement pas outill\u00e9e pour agir \u00e9galement en tant que gestionnaire pour un projet d&#8217;une telle envergure. Les connaissances et le professionnalisme de mes gestionnaires de projet d&#8217;HFC, associ\u00e9s \u00e0 leur soutien et \u00e0 leurs encouragements lors de nombreuses d\u00e9cisions difficiles, ont fait de ce projet une v\u00e9ritable r\u00e9ussite. Je ne doute pas que, sans le soutien d&#8217;HFC, nous serions encore \u00e0 plusieurs ann\u00e9es de l&#8217;ach\u00e8vement. Merci \u00e0 HFC d&#8217;avoir fait un effort suppl\u00e9mentaire pour am\u00e9liorer les services offerts aux femmes confront\u00e9es \u00e0 la violence fond\u00e9e sur le genre!    <\/p>\t\t\t\t\t\t\n\t\t\t\t\t\t\t<p>Sans [l&#8217;\u00e9quipe du projet Nouvelles constructions MH2], [notre projet] n&#8217;aurait pas \u00e9t\u00e9 r\u00e9alisable du tout&#8230; Je crois qu&#8217;il serait rest\u00e9 une chim\u00e8re. Et je peux dire que gr\u00e2ce \u00e0 ce processus, au lieu d&#8217;\u00eatre juste un r\u00eave, j&#8217;ai l&#8217;impression que c&#8217;est aujourd&#8217;hui un objectif tangible et atteignable. <\/p>\t\t\t\t\t\t\n\t\t\t\t\t\t\t<p>Nous avions pratiquement jet\u00e9 l&#8217;\u00e9ponge lorsque nous avons contact\u00e9 le projet Nouvelles constructions MH2. Et je peux honn\u00eatement dire que nous ne serions pas l\u00e0 o\u00f9 nous sommes aujourd&#8217;hui sans cette occasion. L&#8217;\u00e9quipe d&#8217;HFC nous soutient, r\u00e9pond \u00e0 toutes nos questions, m\u00eame les plus maladroites!  <\/p>\t\t\t\t\t\t\n\t<h2>Comment puis-je participer?<\/h2>\n<p>Si vous \u00eates une MH int\u00e9ress\u00e9e par la cr\u00e9ation d&#8217;un nouveau projet de maisons d&#8217;h\u00e9bergement de deuxi\u00e8me \u00e9tape, l&#8217;\u00e9quipe d&#8217;HFC peut vous aider. Le projet Nouvelles constructions MH2 se concentre sur la cr\u00e9ation de nouvelles maisons de deuxi\u00e8me \u00e9tape et ne couvre pas les maisons de premi\u00e8re \u00e9tape, les maisons de transition ou les r\u00e9parations de maisons de deuxi\u00e8me \u00e9tape existantes. Cependant, si votre projet pr\u00e9voit \u00e0 la fois des places de premi\u00e8re et deuxi\u00e8me \u00e9tape, HFC peut vous aider.  <\/p>\n<p>Compte tenu de la forte demande, l&#8217;\u00e9quipe d&#8217;HFC ne pourra peut-\u00eatre pas r\u00e9pondre \u00e0 toutes les propositions en raison de limites de capacit\u00e9. L&#8217;\u00e9quipe demeure n\u00e9anmoins disponible pour des r\u00e9unions virtuelles avec votre MH afin de discuter des prochaines \u00e9tapes et d&#8217;offrir des informations. <\/p>\n\t\t\t\t<img decoding=\"async\" src=\"https:\/\/endvaw.ca\/wp-content\/uploads\/2026\/02\/lower-flowers-5.png\" alt=\"\" itemprop=\"image\" onerror=\"this.style.display='none'\" loading=\"lazy\" \/>\n\t<h2>Soutien et Ressources<\/h2>\n<h3>R\u00e9server une r\u00e9union<\/h3>\n<p>Pour obtenir des conseils sur votre projet, contactez Kyla Tanner, responsable d\u00e9veloppement de projet, \u00e0 <a href=\"mailto:ktanner@endvaw.ca\">ktanner@endvaw.ca<\/a>. Nos sessions individuelles de formation et de coaching sont con\u00e7ues pour r\u00e9pondre aux besoins sp\u00e9cifiques de votre projet.<\/p>\n<h3>Demandes<\/h3>\n<p>Les demandes d&#8217;aide \u00e0 la gestion de projet, y compris les \u00e9tudes de faisabilit\u00e9, les demandes de subvention et l&#8217;aide \u00e0 la construction, sont actuellement closes.<\/p>\n<h3>Ressources<\/h3>\n<p>Pour obtenir des ressources li\u00e9es au d\u00e9veloppement de nouvelles maisons d&#8217;h\u00e9bergement de deuxi\u00e8me \u00e9tape, consultez les <a href=\"https:\/\/endvaw.ca\/fr\/ressources-d-hebergement-par-sujet\/#ss-resources\">documents disponibles<\/a>.<\/p>\n<p>Si votre projet se situe au Qu\u00e9bec, un soutien additionnel est disponible aupr\u00e8s de l&#8217;<a href=\"https:\/\/www.alliancemh2.org\/\" rel=\"noopener\">Alliance des maisons d&#8217;h\u00e9bergement de deuxi\u00e8me \u00e9tape pour femmes et enfants victimes de violence conjugale (Alliance MH2)<\/a><\/p>\n<h3>Infolettre du Projet de nouvelles constructions de maisons d&#8217;h\u00e9bergement de deuxi\u00e8me \u00e9tape (MH2)<\/h3>\n<p>Vous \u00eates int\u00e9ress\u00e9 par la cr\u00e9ation d&#8217;un nouveau projet de maisons d&#8217;h\u00e9bergement de deuxi\u00e8me \u00e9tape ou d&#8217;un programme de logement transitoire? Inscrivez-vous \u00e0 la liste de diffusion de projet de Nouvelles construction de maisons d&#8217;h\u00e9bergement de deuxi\u00e8me \u00e9tape pour conna\u00eetre les nouvelles possibilit\u00e9s de financement capital, acc\u00e9der aux ressources pour les projets de d\u00e9veloppement, et rester en contact avec le secteur.<\/p>\n<div class=\"frm_forms  with_frm_style frm_style_formidable-style\" id=\"frm_form_3_container\" data-token=\"1daa126c044f4c012a63ca0f705074da\">\n<form enctype=\"multipart\/form-data\" method=\"post\" class=\"frm-show-form  frm_pro_form \" id=\"form_second-stage-transitional-housing-new-build-project-mailing-list\" data-token=\"1daa126c044f4c012a63ca0f705074da\">\n<div class=\"frm_form_fields \">\n<fieldset>\n<legend class=\"frm_screen_reader\">Liste de diffusion du projet de construction de logements de transition de deuxi\u00e8me phase<\/legend>\r\n\r\n<div class=\"frm_fields_container\">\n<input type=\"hidden\" name=\"frm_action\" value=\"create\" \/>\n<input type=\"hidden\" name=\"form_id\" value=\"3\" \/>\n<input type=\"hidden\" name=\"frm_hide_fields_3\" id=\"frm_hide_fields_3\" value=\"\" \/>\n<input type=\"hidden\" name=\"form_key\" value=\"second-stage-transitional-housing-new-build-project-mailing-list\" \/>\n<input type=\"hidden\" name=\"item_meta[0]\" value=\"\" \/>\n<input type=\"hidden\" id=\"frm_submit_entry_3\" name=\"frm_submit_entry_3\" value=\"3bccc934da\" \/><input type=\"hidden\" name=\"_wp_http_referer\" value=\"\/fr\/wp-json\/wp\/v2\/pages\/19150\" \/><div id=\"frm_field_15_container\" class=\"frm_form_field form-field  frm_required_field frm_top_container\">\r\n\t<label for=\"field_cw2mh\" id=\"field_cw2mh_label\" class=\"frm_primary_label\">Adresse courriel\r\n\t\t<span class=\"frm_required\" aria-hidden=\"true\">*<\/span>\r\n\t<\/label>\r\n\t<input type=\"email\" id=\"field_cw2mh\" name=\"item_meta[15]\" value=\"\"  autocomplete=\"email\"  data-reqmsg=\"Adresse courriel ne peut pas \u00eatre vide.\" aria-required=\"true\" data-invmsg=\"Adresse courriel est invalide\" aria-invalid=\"false\"  \/>\r\n\t\r\n\t\r\n<\/div>\n<div id=\"frm_field_12_container\" class=\"frm_form_field form-field  frm_required_field frm_top_container\">\r\n\t<label for=\"field_83b57\" id=\"field_83b57_label\" class=\"frm_primary_label\">Pr\u00e9nom\r\n\t\t<span class=\"frm_required\" aria-hidden=\"true\">*<\/span>\r\n\t<\/label>\r\n\t<input  type=\"text\" id=\"field_83b57\" name=\"item_meta[12]\" value=\"\"  data-reqmsg=\"Pr\u00e9nom ne peut pas \u00eatre vide.\" aria-required=\"true\" data-invmsg=\"Pr\u00e9nom is invalid\" aria-invalid=\"false\"   \/>\r\n\t\r\n\t\r\n<\/div>\n<div id=\"frm_field_13_container\" class=\"frm_form_field form-field  frm_required_field frm_top_container\">\r\n\t<label for=\"field_k25r6\" id=\"field_k25r6_label\" class=\"frm_primary_label\">Nom\r\n\t\t<span class=\"frm_required\" aria-hidden=\"true\">*<\/span>\r\n\t<\/label>\r\n\t<input  type=\"text\" id=\"field_k25r6\" name=\"item_meta[13]\" value=\"\"  data-reqmsg=\"Nom ne peut pas \u00eatre vide.\" aria-required=\"true\" data-invmsg=\"Nom is invalid\" aria-invalid=\"false\"   \/>\r\n\t\r\n\t\r\n<\/div>\n<div id=\"frm_field_14_container\" class=\"frm_form_field form-field  frm_required_field frm_top_container\">\r\n\t<label for=\"field_f9ucx\" id=\"field_f9ucx_label\" class=\"frm_primary_label\">Organisation\r\n\t\t<span class=\"frm_required\" aria-hidden=\"true\">*<\/span>\r\n\t<\/label>\r\n\t<input  type=\"text\" id=\"field_f9ucx\" name=\"item_meta[14]\" value=\"\"  data-reqmsg=\"Organisation ne peut pas \u00eatre vide.\" aria-required=\"true\" data-invmsg=\"Organisation is invalid\" aria-invalid=\"false\"   \/>\r\n\t\r\n\t\r\n<\/div>\n<div id=\"frm_field_11_container\" class=\"frm_form_field form-field \">\r\n\t<div class=\"frm_submit frm_flex\">\r\n<button class=\"frm_button_submit frm_final_submit\" type=\"submit\"   formnovalidate=\"formnovalidate\">Soumettre<\/button>\r\n\r\n\r\n\r\n<\/div>\r\n<\/div>\n\t<input type=\"hidden\" name=\"item_key\" value=\"\" \/>\n\t\t\t<div id=\"frm_field_16_container\">\n\t\t\t<label for=\"field_w1kj5\" >\n\t\t\t\tIf you are human, leave this field blank.\t\t\t<\/label>\n\t\t\t<input  id=\"field_w1kj5\" type=\"text\" class=\"frm_form_field form-field frm_verify\" name=\"item_meta[16]\" value=\"\"  \/>\n\t\t<\/div>\n\t\t<input name=\"frm_state\" type=\"hidden\" value=\"DKp7qMr7\/7+hIY\/BL23UbLMeiEV3HIf\/J7tebDf8Oc8rVqxATYfNZcMOPsu9w70G\" \/><\/div>\n<\/fieldset>\n<\/div>\n\n<\/form>\n<\/div>\n\n\n","protected":false},"excerpt":{"rendered":"<p>Projet de nouvelles constructions de MH2 Qu&#8217;est-ce que le projet Nouvelles constructions de maisons d&#8217;h\u00e9bergement de deuxi\u00e8me \u00e9tape (MH2)? Les maisons d&#8217;h\u00e9bergement de deuxi\u00e8me \u00e9tape offrent une soutien pour les survivantes de violence conjugale qui risquent d&#8217;\u00eatre en danger apr\u00e8s la s\u00e9paration et qui ont besoin de plus de temps et de services pour gu\u00e9rir [&hellip;]<\/p>\n","protected":false},"author":3,"featured_media":0,"parent":0,"menu_order":112,"comment_status":"closed","ping_status":"closed","template":"","meta":{"site-sidebar-layout":"no-sidebar","site-content-layout":"page-builder","ast-site-content-layout":"default","site-content-style":"default","site-sidebar-style":"default","ast-global-header-display":"","ast-banner-title-visibility":"","ast-main-header-display":"","ast-hfb-above-header-display":"","ast-hfb-below-header-display":"","ast-hfb-mobile-header-display":"","site-post-title":"disabled","ast-breadcrumbs-content":"","ast-featured-img":"disabled","footer-sml-layout":"","ast-disable-related-posts":"","theme-transparent-header-meta":"default","adv-header-id-meta":"","stick-header-meta":"default","header-above-stick-meta":"","header-main-stick-meta":"","header-below-stick-meta":"","astra-migrate-meta-layouts":"default","ast-page-background-enabled":"default","ast-page-background-meta":{"desktop":{"background-color":"","background-image":"","background-repeat":"repeat","background-position":"center center","background-size":"auto","background-attachment":"scroll","background-type":"","background-media":"","overlay-type":"","overlay-color":"","overlay-opacity":"","overlay-gradient":""},"tablet":{"background-color":"","background-image":"","background-repeat":"repeat","background-position":"center center","background-size":"auto","background-attachment":"scroll","background-type":"","background-media":"","overlay-type":"","overlay-color":"","overlay-opacity":"","overlay-gradient":""},"mobile":{"background-color":"","background-image":"","background-repeat":"repeat","background-position":"center center","background-size":"auto","background-attachment":"scroll","background-type":"","background-media":"","overlay-type":"","overlay-color":"","overlay-opacity":"","overlay-gradient":""}},"ast-content-background-meta":{"desktop":{"background-color":"var(--ast-global-color-5)","background-image":"","background-repeat":"repeat","background-position":"center center","background-size":"auto","background-attachment":"scroll","background-type":"","background-media":"","overlay-type":"","overlay-color":"","overlay-opacity":"","overlay-gradient":""},"tablet":{"background-color":"var(--ast-global-color-5)","background-image":"","background-repeat":"repeat","background-position":"center center","background-size":"auto","background-attachment":"scroll","background-type":"","background-media":"","overlay-type":"","overlay-color":"","overlay-opacity":"","overlay-gradient":""},"mobile":{"background-color":"var(--ast-global-color-5)","background-image":"","background-repeat":"repeat","background-position":"center center","background-size":"auto","background-attachment":"scroll","background-type":"","background-media":"","overlay-type":"","overlay-color":"","overlay-opacity":"","overlay-gradient":""}},"footnotes":"","_links_to":"","_links_to_target":""},"class_list":["post-19150","page","type-page","status-publish","hentry"],"meta_box":[],"_links":{"self":[{"href":"https:\/\/endvaw.ca\/fr\/wp-json\/wp\/v2\/pages\/19150","targetHints":{"allow":["GET"]}}],"collection":[{"href":"https:\/\/endvaw.ca\/fr\/wp-json\/wp\/v2\/pages"}],"about":[{"href":"https:\/\/endvaw.ca\/fr\/wp-json\/wp\/v2\/types\/page"}],"author":[{"embeddable":true,"href":"https:\/\/endvaw.ca\/fr\/wp-json\/wp\/v2\/users\/3"}],"replies":[{"embeddable":true,"href":"https:\/\/endvaw.ca\/fr\/wp-json\/wp\/v2\/comments?post=19150"}],"version-history":[{"count":3,"href":"https:\/\/endvaw.ca\/fr\/wp-json\/wp\/v2\/pages\/19150\/revisions"}],"predecessor-version":[{"id":21226,"href":"https:\/\/endvaw.ca\/fr\/wp-json\/wp\/v2\/pages\/19150\/revisions\/21226"}],"wp:attachment":[{"href":"https:\/\/endvaw.ca\/fr\/wp-json\/wp\/v2\/media?parent=19150"}],"curies":[{"name":"wp","href":"https:\/\/api.w.org\/{rel}","templated":true}]}}