{"id":19114,"date":"2026-02-23T12:01:22","date_gmt":"2026-02-23T17:01:22","guid":{"rendered":"https:\/\/endvaw.technicalities.ca\/echange-de-savoirs\/"},"modified":"2026-03-11T15:25:29","modified_gmt":"2026-03-11T19:25:29","slug":"echange-de-savoirs","status":"publish","type":"page","link":"https:\/\/endvaw.ca\/fr\/echange-de-savoirs\/","title":{"rendered":"\u00c9change de savoirs"},"content":{"rendered":"\n<h1>\n\t\t\t\u00c9change de savoirs\t<\/h1>\n\t<p>Le programme d&#8217;\u00e9change de connaissances d&#8217;H\u00e9bergement femmes Canada relie les maisons d&#8217;h\u00e9bergement (MH) et les associations de MH dans les provinces et territoires en vue de partager des pratiques prometteuses, des id\u00e9es et des connaissances dans l&#8217;ensemble du secteur. Nous coordonnons \u00e9galement le partage des connaissances entre les principales praticiennes et chercheuses dans ce domaine, d&#8217;une part, et les MH et leur personnel, d&#8217;autre part.<\/p>\n\t\t\t\t<img decoding=\"async\" src=\"https:\/\/endvaw.ca\/wp-content\/uploads\/2026\/02\/top-flowers-3large.png\" alt=\"Top Flowers 3large\" itemprop=\"image\" height=\"357\" width=\"230\" title=\"Top Flowers 3large\" onerror=\"this.style.display='none'\" loading=\"lazy\" \/>\n\t<h2>Communaut\u00e9s de pratique<\/h2>\n<p>Une communaut\u00e9 de pratique (CdP) permet \u00e0 un groupe de personnes qui partagent un domaine de pratique commun de r\u00e9pondre collectivement \u00e0 leurs besoins d&#8217;apprentissage. Les CdP sont une occasion pour les praticiennes de partager des informations, d&#8217;apprendre les unes des autres et de renforcer leur pratique. Souvent, les CdP g\u00e9n\u00e8rent des ressources auxquelles d&#8217;autres peuvent se r\u00e9f\u00e9rer et dont elles peuvent s&#8217;inspirer dans leur propre travail.<\/p>\n<p>Nous animons actuellement des CdP sur:<\/p>\n<ul>\n<li>Le bien-\u00eatre du personnel: Cette CdP rassemble 30 MH engag\u00e9es \u00e0 renforcer le bien-\u00eatre de leur personnel partout au pays. Ces r\u00e9unions offrent la possibilit\u00e9 d&#8217;apprendre des expertes, de partager les meilleures pratiques et d&#8217;entrer en contact avec d&#8217;autres personnes effectuant ce travail. Cette CdP est financ\u00e9e par Unifor et s&#8217;\u00e9tend de mars \u00e0 novembre 2026.<\/li>\n<li>Autonomisation \u00e9conomique: Cette CdP rassemble 22 MH qui proposent des programmes d&#8217;autonomisation \u00e9conomique et d&#8217;\u00e9ducation financi\u00e8re aux survivantes de violence fond\u00e9e sur le genre. Elle est financ\u00e9e par Femmes et \u00c9galit\u00e9 des genres Canada (FEGC).<\/li>\n<\/ul>\n<p>Des CdP pr\u00e9c\u00e9dentes ont abord\u00e9 les MH2, la r\u00e9duction des m\u00e9faits, le soutien aux survivantes immigr\u00e9es et r\u00e9fugi\u00e9es, le soutien aux femmes transgenres et le logement.<\/p>\n\t<ul>\n\t\t<li><a href=\"https:\/\/endvaw.ca\/fr\/ressources-d-hebergement-par-sujet\/\" target=\"_self\"  aria-label=\"Aller \u00e0 https:\/\/endvaw.ca\/fr\/shelter-resources-by-topic\/\">\t\t\t\t\n\t\tPour les ressources issues de ces CdP, voir notre section Ressources par sujet.<\/a><\/li>\t<\/ul>\n\t\t\t\t<img decoding=\"async\" src=\"https:\/\/endvaw.ca\/wp-content\/uploads\/2026\/02\/lower-flowers-5.png\" alt=\"Fleurs inf\u00e9rieures 5\" itemprop=\"image\" height=\"463\" width=\"181\" title=\"Fleurs inf\u00e9rieures 5\" onerror=\"this.style.display='none'\" loading=\"lazy\" \/>\n\t<h2>Partage de pratiques<\/h2>\n<p>HFC identifie et partage r\u00e9guli\u00e8rement les pratiques prometteuses qui fonctionnent bien dans une r\u00e9gion du pays afin que toutes les MH puissent tirer parti de ces exp\u00e9riences. Lorsque le financement le permet, HFC travaille avec les MH et les associations provinciales et territoriales pour d\u00e9velopper les pratiques qui ont fait leurs preuves au niveau r\u00e9gional. Parmi les exemples, citons notre projet actuel <a href=\"https:\/\/endvaw.ca\/fr\/securite-technologique\/\">S\u00e9curit\u00e9 technologique Canada<\/a>, le projet Cercles de s\u00e9curit\u00e9, qui a permis de transposer une id\u00e9e d\u00e9velopp\u00e9e \u00e0 l&#8217;\u00cele-du-Prince-\u00c9douard dans trois MH en Saskatchewan, en Alberta et au Yukon, et le programme PEACE pour les enfants et les jeunes, qui a soutenu la diss\u00e9mination d&#8217;une formation cr\u00e9\u00e9e en Colombie-Britannique dans les r\u00e9gions rurales, \u00e9loign\u00e9es et nordiques de treize provinces et territoires. Les ressources de ces projets sont disponibles dans notre section <a href=\"https:\/\/endvaw.ca\/fr\/ressources-d-hebergement-par-sujet\/\">Ressources par sujet<\/a>.   <\/p>\n\t<h2>Webinaires et formations<\/h2>\n<p>L&#8217;\u00e9quipe d&#8217;\u00e9change de connaissances organise r\u00e9guli\u00e8rement des formations et des s\u00e9minaires en ligne \u00e0 l&#8217;intention du personnel des MH de tout le pays.<\/p>\n<p>Vous trouverez les occasions actuelles:<\/p>\n\t<ul>\n\t\t<li><a href=\"https:\/\/endvaw.ca\/fr\/formations\/\" target=\"_self\"  aria-label=\"Aller \u00e0 https:\/\/endvaw.ca\/fr\/trainings\/\">\t\t\t\t\n\t\tFormation<\/a><\/li><li><a href=\"https:\/\/endvaw.ca\/fr\/evenements\/\" target=\"_self\"  aria-label=\"Aller \u00e0 https:\/\/endvaw.ca\/fr\/evenements\/\">\t\t\t\t\n\t\t\u00c9v\u00e9nements &amp; webinaires<\/a><\/li><li><a href=\"https:\/\/endvaw.ca\/fr\/ressources-d-hebergement-par-sujet\/\" target=\"_self\"  aria-label=\"Aller \u00e0 https:\/\/endvaw.ca\/fr\/shelter-resources-by-topic\/\">\t\t\t\t\n\t\tEnregistrements des webinaires dans notre section Ressources par sujet<\/a><\/li>\t<\/ul>\n\n","protected":false},"excerpt":{"rendered":"<p>\u00c9change de savoirs Le programme d&#8217;\u00e9change de connaissances d&#8217;H\u00e9bergement femmes Canada relie les maisons d&#8217;h\u00e9bergement (MH) et les associations de MH dans les provinces et territoires en vue de partager des pratiques prometteuses, des id\u00e9es et des connaissances dans l&#8217;ensemble du secteur. Nous coordonnons \u00e9galement le partage des connaissances entre les principales praticiennes et chercheuses [&hellip;]<\/p>\n","protected":false},"author":3,"featured_media":0,"parent":0,"menu_order":103,"comment_status":"closed","ping_status":"closed","template":"","meta":{"site-sidebar-layout":"no-sidebar","site-content-layout":"page-builder","ast-site-content-layout":"default","site-content-style":"default","site-sidebar-style":"default","ast-global-header-display":"","ast-banner-title-visibility":"","ast-main-header-display":"","ast-hfb-above-header-display":"","ast-hfb-below-header-display":"","ast-hfb-mobile-header-display":"","site-post-title":"disabled","ast-breadcrumbs-content":"","ast-featured-img":"disabled","footer-sml-layout":"","ast-disable-related-posts":"","theme-transparent-header-meta":"default","adv-header-id-meta":"","stick-header-meta":"default","header-above-stick-meta":"","header-main-stick-meta":"","header-below-stick-meta":"","astra-migrate-meta-layouts":"default","ast-page-background-enabled":"default","ast-page-background-meta":{"desktop":{"background-color":"","background-image":"","background-repeat":"repeat","background-position":"center center","background-size":"auto","background-attachment":"scroll","background-type":"","background-media":"","overlay-type":"","overlay-color":"","overlay-opacity":"","overlay-gradient":""},"tablet":{"background-color":"","background-image":"","background-repeat":"repeat","background-position":"center center","background-size":"auto","background-attachment":"scroll","background-type":"","background-media":"","overlay-type":"","overlay-color":"","overlay-opacity":"","overlay-gradient":""},"mobile":{"background-color":"","background-image":"","background-repeat":"repeat","background-position":"center center","background-size":"auto","background-attachment":"scroll","background-type":"","background-media":"","overlay-type":"","overlay-color":"","overlay-opacity":"","overlay-gradient":""}},"ast-content-background-meta":{"desktop":{"background-color":"var(--ast-global-color-5)","background-image":"","background-repeat":"repeat","background-position":"center center","background-size":"auto","background-attachment":"scroll","background-type":"","background-media":"","overlay-type":"","overlay-color":"","overlay-opacity":"","overlay-gradient":""},"tablet":{"background-color":"var(--ast-global-color-5)","background-image":"","background-repeat":"repeat","background-position":"center center","background-size":"auto","background-attachment":"scroll","background-type":"","background-media":"","overlay-type":"","overlay-color":"","overlay-opacity":"","overlay-gradient":""},"mobile":{"background-color":"var(--ast-global-color-5)","background-image":"","background-repeat":"repeat","background-position":"center center","background-size":"auto","background-attachment":"scroll","background-type":"","background-media":"","overlay-type":"","overlay-color":"","overlay-opacity":"","overlay-gradient":""}},"footnotes":"","_links_to":"","_links_to_target":""},"class_list":["post-19114","page","type-page","status-publish","hentry"],"meta_box":[],"_links":{"self":[{"href":"https:\/\/endvaw.ca\/fr\/wp-json\/wp\/v2\/pages\/19114","targetHints":{"allow":["GET"]}}],"collection":[{"href":"https:\/\/endvaw.ca\/fr\/wp-json\/wp\/v2\/pages"}],"about":[{"href":"https:\/\/endvaw.ca\/fr\/wp-json\/wp\/v2\/types\/page"}],"author":[{"embeddable":true,"href":"https:\/\/endvaw.ca\/fr\/wp-json\/wp\/v2\/users\/3"}],"replies":[{"embeddable":true,"href":"https:\/\/endvaw.ca\/fr\/wp-json\/wp\/v2\/comments?post=19114"}],"version-history":[{"count":8,"href":"https:\/\/endvaw.ca\/fr\/wp-json\/wp\/v2\/pages\/19114\/revisions"}],"predecessor-version":[{"id":21422,"href":"https:\/\/endvaw.ca\/fr\/wp-json\/wp\/v2\/pages\/19114\/revisions\/21422"}],"wp:attachment":[{"href":"https:\/\/endvaw.ca\/fr\/wp-json\/wp\/v2\/media?parent=19114"}],"curies":[{"name":"wp","href":"https:\/\/api.w.org\/{rel}","templated":true}]}}