{"id":18847,"date":"2026-02-20T09:22:16","date_gmt":"2026-02-20T14:22:16","guid":{"rendered":"https:\/\/endvaw.technicalities.ca\/about-us\/about-gbv\/"},"modified":"2026-03-17T18:19:17","modified_gmt":"2026-03-17T22:19:17","slug":"a-propos-de-la-vfg","status":"publish","type":"page","link":"https:\/\/endvaw.ca\/fr\/a-propos-de-wsc\/a-propos-de-la-vfg\/","title":{"rendered":"\u00c0 propos de la VFG"},"content":{"rendered":"\n\n\t<h1>\n\t\t\t\t\u00c0 propos de la VFG\n\t\t\t<\/h1>\n\t<h2>Qu&#8217;est-ce que la violence fond\u00e9e sur le genre (VFG)?<\/h2>\n<p>La violence fond\u00e9e sur le genre englobe toute une s\u00e9rie d&#8217;actes pr\u00e9judiciables visant des individus ou des groupes en raison de leur genre, leur identit\u00e9 de genre ou leur perception de leur genre ou de leur identit\u00e9 de genre. Elle prend diff\u00e9rentes formes, notamment la violence physique, la violence psychologique, la violence verbale, le harc\u00e8lement, l&#8217;agression sexuelle et m\u00eame le meurtre. Ces actes sont ancr\u00e9s dans l&#8217;in\u00e9galit\u00e9 des genres, l&#8217;abus de pouvoir et les normes n\u00e9fastes.<\/p>\n<p>Ce terme met en \u00e9vidence les d\u00e9s\u00e9quilibres de pouvoir structurels fond\u00e9s sur le genre, qui placent les femmes, les filles et les autres identit\u00e9s de genre dans une position de vuln\u00e9rabilit\u00e9 accrue. Bien que les femmes soient le plus souvent touch\u00e9es, la violence fond\u00e9e sur le genre peut \u00e9galement affecter les hommes et les gar\u00e7ons, et englober la discrimination \u00e0 l&#8217;encontre des populations\u00a02ELGBTQI+.<\/p>\n<h2>Qu&#8217;est-ce que la violence entre partenaires intimes?<\/h2>\n<p>La violence entre partenaires intimes est un type de violence fond\u00e9e sur le genre. Il s&#8217;agit de la violence et des abus entre des partenaires ou ex-partenaires qui sortent ensemble, sont mari\u00e9s, vivent en union libre ou sont s\u00e9par\u00e9s. C&#8217;est une forme de violence conjugale, qui englobe \u00e9galement la violence entre parents et enfants, colocataires ou autres personnes partageant un m\u00eame domicile.<\/p>\n\t\t\t\t<img decoding=\"async\" src=\"https:\/\/endvaw.ca\/wp-content\/uploads\/2026\/02\/4flowers.png\" alt=\"\" itemprop=\"image\" onerror=\"this.style.display='none'\" loading=\"lazy\" \/>\n\t<h2>Quelles sont les statistiques?<\/h2>\n<ul>\n<li><a href=\"https:\/\/www150.statcan.gc.ca\/n1\/daily-quotidien\/210426\/dq210426b-eng.htm\" rel=\"noopener\">Plus de 2\u00a0femmes sur 5<\/a> subiront une forme ou une autre de violence de la part de leur partenaire intime au cours de leur vie<\/li>\n<li>Une femme est tu\u00e9e au Canada <a href=\"https:\/\/femicideincanada.ca\/callitfemicide2018-2022.pdf\" rel=\"noopener\">tous les 5\u00a0jours<\/a> par un partenaire ou un ex-partenaire intime<\/li>\n<li>La proportion de femmes tu\u00e9es par un conjoint ou un partenaire intime est <a href=\"https:\/\/canadianwomen.org\/the-facts\/gender-based-violence\/\" rel=\"noopener\">plus de huit fois sup\u00e9rieure <\/a>\u00e0 la proportion d&#8217;hommes<\/li>\n<li>Les femmes autochtones sont tu\u00e9es pr\u00e8s de <a href=\"https:\/\/www150.statcan.gc.ca\/n1\/pub\/85-002-x\/2019001\/article\/00016\/tbl\/tbl06-eng.htm\" rel=\"noopener\">sept fois plus souvent<\/a> que les femmes non autochtones<\/li>\n<\/ul>\n\t<ul>\n\t\t<li>\t\t\t\t\n\t\t<a href=\"https:\/\/canadianwomen.org\/the-facts\/gender-based-violence\/\" target=\"_self\" aria-label=\"Aller \u00e0 https:\/\/canadianwomen.org\/the-facts\/gender-based-violence\/\" rel=\"noopener\">D&#8217;autres statistiques sont disponibles ici.<\/a><\/li>\t<\/ul>\n\t<h2>Que font les maisons d&#8217;h\u00e9bergement?<\/h2>\n<p>Les maisons d&#8217;h\u00e9bergement (MH) sont bien plus que des refuges contre la violence: ce sont des lieux o\u00f9 les femmes reconstruisent leur vie. Ce sont des endroits s\u00e9curitaires permettant aux femmes de renouer avec elles-m\u00eames et avec leurs enfants, et de planifier les moyens d&#8217;aller de l&#8217;avant.<\/p>\n<p>Le personnel des MH fournit des services aux femmes et aux enfants qui sont souvent les plus marginalis\u00e9s. Ces femmes peuvent \u00eatre confront\u00e9es \u00e0 des traumatismes interg\u00e9n\u00e9rationnels, \u00e0 la toxicomanie ou \u00e0 des probl\u00e8mes de sant\u00e9 mentale. Il peut s&#8217;agir d&#8217;immigrantes ou de r\u00e9fugi\u00e9es nouvellement arriv\u00e9es, qui ont des difficult\u00e9s \u00e0 trouver un logement ou qui sont impliqu\u00e9es dans une affaire de garde d&#8217;enfants.<\/p>\n<p>Pour aider les femmes \u00e0 devenir la version la plus saine, la plus heureuse et la plus s\u00e9curitaire d&#8217;elles-m\u00eames, les MH offrent une vari\u00e9t\u00e9 de services tels que du counseling\u00a024\/7, des programmes pour enfants, des cours sur l&#8217;art d&#8217;\u00eatre parent, des services de sant\u00e9 mentale et de toxicomanie, des services juridiques et de logement, des programmes pour hommes et une aide pour les demandes d&#8217;inscription \u00e0 des programmes d&#8217;\u00e9ducation et d&#8217;apprentissage. Les femmes n&#8217;ont pas besoin d&#8217;\u00eatre h\u00e9berg\u00e9es pour b\u00e9n\u00e9ficier de ces services; en fait, pour deux femmes b\u00e9n\u00e9ficiant d&#8217;un soutien pendant qu&#8217;elles vivent dans la MH, cinq ont acc\u00e8s \u00e0 des services externes.<\/p>\n<p>Pour en savoir plus sur le travail des MH, voir cette <a href=\"https:\/\/www.youtube.com\/watch?v=fvuCtt0yt6s&amp;list=PLmAkDVk4o5Q1BbPTHb--Vz_FB4I3LwnPu\" rel=\"noopener\">liste d&#8217;\u00e9coute YouTube<\/a>.<\/p>\n\n","protected":false},"excerpt":{"rendered":"<p>\u00c0 propos de la VFG Qu&#8217;est-ce que la violence fond\u00e9e sur le genre (VFG)? La violence fond\u00e9e sur le genre englobe toute une s\u00e9rie d&#8217;actes pr\u00e9judiciables visant des individus ou des groupes en raison de leur genre, leur identit\u00e9 de genre ou leur perception de leur genre ou de leur identit\u00e9 de genre. Elle prend [&hellip;]<\/p>\n","protected":false},"author":4,"featured_media":0,"parent":18801,"menu_order":1,"comment_status":"closed","ping_status":"closed","template":"","meta":{"site-sidebar-layout":"no-sidebar","site-content-layout":"page-builder","ast-site-content-layout":"default","site-content-style":"default","site-sidebar-style":"default","ast-global-header-display":"","ast-banner-title-visibility":"","ast-main-header-display":"","ast-hfb-above-header-display":"","ast-hfb-below-header-display":"","ast-hfb-mobile-header-display":"","site-post-title":"disabled","ast-breadcrumbs-content":"","ast-featured-img":"disabled","footer-sml-layout":"","ast-disable-related-posts":"","theme-transparent-header-meta":"default","adv-header-id-meta":"","stick-header-meta":"","header-above-stick-meta":"","header-main-stick-meta":"","header-below-stick-meta":"","astra-migrate-meta-layouts":"set","ast-page-background-enabled":"default","ast-page-background-meta":{"desktop":{"background-color":"","background-image":"","background-repeat":"repeat","background-position":"center center","background-size":"auto","background-attachment":"scroll","background-type":"","background-media":"","overlay-type":"","overlay-color":"","overlay-opacity":"","overlay-gradient":""},"tablet":{"background-color":"","background-image":"","background-repeat":"repeat","background-position":"center center","background-size":"auto","background-attachment":"scroll","background-type":"","background-media":"","overlay-type":"","overlay-color":"","overlay-opacity":"","overlay-gradient":""},"mobile":{"background-color":"","background-image":"","background-repeat":"repeat","background-position":"center center","background-size":"auto","background-attachment":"scroll","background-type":"","background-media":"","overlay-type":"","overlay-color":"","overlay-opacity":"","overlay-gradient":""}},"ast-content-background-meta":{"desktop":{"background-color":"var(--ast-global-color-5)","background-image":"","background-repeat":"repeat","background-position":"center center","background-size":"auto","background-attachment":"scroll","background-type":"","background-media":"","overlay-type":"","overlay-color":"","overlay-opacity":"","overlay-gradient":""},"tablet":{"background-color":"var(--ast-global-color-5)","background-image":"","background-repeat":"repeat","background-position":"center center","background-size":"auto","background-attachment":"scroll","background-type":"","background-media":"","overlay-type":"","overlay-color":"","overlay-opacity":"","overlay-gradient":""},"mobile":{"background-color":"var(--ast-global-color-5)","background-image":"","background-repeat":"repeat","background-position":"center center","background-size":"auto","background-attachment":"scroll","background-type":"","background-media":"","overlay-type":"","overlay-color":"","overlay-opacity":"","overlay-gradient":""}},"footnotes":"","_links_to":"","_links_to_target":""},"class_list":["post-18847","page","type-page","status-publish","hentry"],"meta_box":[],"_links":{"self":[{"href":"https:\/\/endvaw.ca\/fr\/wp-json\/wp\/v2\/pages\/18847","targetHints":{"allow":["GET"]}}],"collection":[{"href":"https:\/\/endvaw.ca\/fr\/wp-json\/wp\/v2\/pages"}],"about":[{"href":"https:\/\/endvaw.ca\/fr\/wp-json\/wp\/v2\/types\/page"}],"author":[{"embeddable":true,"href":"https:\/\/endvaw.ca\/fr\/wp-json\/wp\/v2\/users\/4"}],"replies":[{"embeddable":true,"href":"https:\/\/endvaw.ca\/fr\/wp-json\/wp\/v2\/comments?post=18847"}],"version-history":[{"count":5,"href":"https:\/\/endvaw.ca\/fr\/wp-json\/wp\/v2\/pages\/18847\/revisions"}],"predecessor-version":[{"id":22195,"href":"https:\/\/endvaw.ca\/fr\/wp-json\/wp\/v2\/pages\/18847\/revisions\/22195"}],"up":[{"embeddable":true,"href":"https:\/\/endvaw.ca\/fr\/wp-json\/wp\/v2\/pages\/18801"}],"wp:attachment":[{"href":"https:\/\/endvaw.ca\/fr\/wp-json\/wp\/v2\/media?parent=18847"}],"curies":[{"name":"wp","href":"https:\/\/api.w.org\/{rel}","templated":true}]}}