{"id":18809,"date":"2026-02-19T18:56:47","date_gmt":"2026-02-19T23:56:47","guid":{"rendered":"https:\/\/endvaw.technicalities.ca\/about-us\/global-network-of-womens-shelters\/"},"modified":"2026-03-11T15:26:19","modified_gmt":"2026-03-11T19:26:19","slug":"global-network-of-womens-shelters","status":"publish","type":"page","link":"https:\/\/endvaw.ca\/fr\/a-propos-de-wsc\/global-network-of-womens-shelters\/","title":{"rendered":"R\u00e9seau mondial des maisons d\u2019h\u00e9bergement pour femmes"},"content":{"rendered":"\n\n\t<h1>\n\t\t\t\tR\u00e9seau mondial des maisons d&#8217;h\u00e9bergement pour femmes\n\t\t\t<\/h1>\n\t<h2>H\u00e9bergement femmes Canada est membre du <a href=\"http:\/\/www.gnws.org\/\" rel=\"noopener\">R\u00e9seau mondial des maisons d&#8217;h\u00e9bergement pour femmes<\/a>.<\/h2>\n\t\t\t\t<img decoding=\"async\" src=\"https:\/\/endvaw.ca\/wp-content\/uploads\/2026\/02\/4flowers.png\" alt=\"\" itemprop=\"image\" onerror=\"this.style.display='none'\" loading=\"lazy\" \/>\n\t<p>Depuis son d\u00e9but en 2009, une des activit\u00e9s principales du R\u00e9seau mondial est de mener le d\u00e9veloppement d&#8217;un Recensement mondial de donn\u00e9es en maisons d&#8217;h\u00e9bergement, qui donne un aper\u00e7u d&#8217;une journ\u00e9e dans les maisons d&#8217;h\u00e9bergement pour femmes \u00e0 travers le monde.<\/p>\n<p>De plus, le R\u00e9seau mondial est charg\u00e9 d&#8217;organiser une Conf\u00e9rence mondiale de maisons d&#8217;h\u00e9bergement pour femmes victimes de violence, qui rassemble des d\u00e9l\u00e9gu\u00e9es du monde entier afin qu&#8217;elles puissent partager leurs exp\u00e9riences et identifier des priorit\u00e9s. La 1ere conf\u00e9rence mondiale a eu lieu \u00e0 Edmonton en 2008 et la 2<sup>e<\/sup>\u00a0\u00a0a eu lieu en f\u00e9vrier 2012 \u00e0 Washington, DC aux \u00c9tats-Unis. La\u00a0<a href=\"http:\/\/www.worldshelterconference.org\/fr\/\" rel=\"noopener\">3<sup>e<\/sup>\u00a0Conf\u00e9rence mondiale des maisons d&#8217;h\u00e9bergement pour femmes victime de violence<\/a> aura lieu \u00e0 The Hague dans les Pays-Bas en novembre 2015.<\/p>\n<p>Trois membres du personnel d&#8217;H\u00e9bergement femmes Canada ont particip\u00e9 \u00e0 la 4<sup>e<\/sup>\u00a0Conf\u00e9rence mondiale des maisons d&#8217;h\u00e9bergement pour femmes \u00e0 Kaohsiung, Taiwan, en 2019, et trois ont particip\u00e9 \u00e0 la 5<sup>e<\/sup>\u00a0Conf\u00e9rence mondiale \u00e0 Sydney, Australie, en 2025.<\/p>\n\n","protected":false},"excerpt":{"rendered":"<p>R\u00e9seau mondial des maisons d&#8217;h\u00e9bergement pour femmes H\u00e9bergement femmes Canada est membre du R\u00e9seau mondial des maisons d&#8217;h\u00e9bergement pour femmes. Depuis son d\u00e9but en 2009, une des activit\u00e9s principales du R\u00e9seau mondial est de mener le d\u00e9veloppement d&#8217;un Recensement mondial de donn\u00e9es en maisons d&#8217;h\u00e9bergement, qui donne un aper\u00e7u d&#8217;une journ\u00e9e dans les maisons d&#8217;h\u00e9bergement [&hellip;]<\/p>\n","protected":false},"author":4,"featured_media":0,"parent":18801,"menu_order":12,"comment_status":"closed","ping_status":"closed","template":"","meta":{"site-sidebar-layout":"no-sidebar","site-content-layout":"page-builder","ast-site-content-layout":"default","site-content-style":"default","site-sidebar-style":"default","ast-global-header-display":"","ast-banner-title-visibility":"","ast-main-header-display":"","ast-hfb-above-header-display":"","ast-hfb-below-header-display":"","ast-hfb-mobile-header-display":"","site-post-title":"disabled","ast-breadcrumbs-content":"","ast-featured-img":"disabled","footer-sml-layout":"","ast-disable-related-posts":"","theme-transparent-header-meta":"default","adv-header-id-meta":"","stick-header-meta":"","header-above-stick-meta":"","header-main-stick-meta":"","header-below-stick-meta":"","astra-migrate-meta-layouts":"default","ast-page-background-enabled":"default","ast-page-background-meta":{"desktop":{"background-color":"","background-image":"","background-repeat":"repeat","background-position":"center center","background-size":"auto","background-attachment":"scroll","background-type":"","background-media":"","overlay-type":"","overlay-color":"","overlay-opacity":"","overlay-gradient":""},"tablet":{"background-color":"","background-image":"","background-repeat":"repeat","background-position":"center center","background-size":"auto","background-attachment":"scroll","background-type":"","background-media":"","overlay-type":"","overlay-color":"","overlay-opacity":"","overlay-gradient":""},"mobile":{"background-color":"","background-image":"","background-repeat":"repeat","background-position":"center center","background-size":"auto","background-attachment":"scroll","background-type":"","background-media":"","overlay-type":"","overlay-color":"","overlay-opacity":"","overlay-gradient":""}},"ast-content-background-meta":{"desktop":{"background-color":"var(--ast-global-color-5)","background-image":"","background-repeat":"repeat","background-position":"center center","background-size":"auto","background-attachment":"scroll","background-type":"","background-media":"","overlay-type":"","overlay-color":"","overlay-opacity":"","overlay-gradient":""},"tablet":{"background-color":"var(--ast-global-color-5)","background-image":"","background-repeat":"repeat","background-position":"center center","background-size":"auto","background-attachment":"scroll","background-type":"","background-media":"","overlay-type":"","overlay-color":"","overlay-opacity":"","overlay-gradient":""},"mobile":{"background-color":"var(--ast-global-color-5)","background-image":"","background-repeat":"repeat","background-position":"center center","background-size":"auto","background-attachment":"scroll","background-type":"","background-media":"","overlay-type":"","overlay-color":"","overlay-opacity":"","overlay-gradient":""}},"footnotes":"","_links_to":"","_links_to_target":""},"class_list":["post-18809","page","type-page","status-publish","hentry"],"meta_box":[],"_links":{"self":[{"href":"https:\/\/endvaw.ca\/fr\/wp-json\/wp\/v2\/pages\/18809","targetHints":{"allow":["GET"]}}],"collection":[{"href":"https:\/\/endvaw.ca\/fr\/wp-json\/wp\/v2\/pages"}],"about":[{"href":"https:\/\/endvaw.ca\/fr\/wp-json\/wp\/v2\/types\/page"}],"author":[{"embeddable":true,"href":"https:\/\/endvaw.ca\/fr\/wp-json\/wp\/v2\/users\/4"}],"replies":[{"embeddable":true,"href":"https:\/\/endvaw.ca\/fr\/wp-json\/wp\/v2\/comments?post=18809"}],"version-history":[{"count":5,"href":"https:\/\/endvaw.ca\/fr\/wp-json\/wp\/v2\/pages\/18809\/revisions"}],"predecessor-version":[{"id":21705,"href":"https:\/\/endvaw.ca\/fr\/wp-json\/wp\/v2\/pages\/18809\/revisions\/21705"}],"up":[{"embeddable":true,"href":"https:\/\/endvaw.ca\/fr\/wp-json\/wp\/v2\/pages\/18801"}],"wp:attachment":[{"href":"https:\/\/endvaw.ca\/fr\/wp-json\/wp\/v2\/media?parent=18809"}],"curies":[{"name":"wp","href":"https:\/\/api.w.org\/{rel}","templated":true}]}}